{"id":105,"date":"2016-02-07T21:06:41","date_gmt":"2016-02-07T20:06:41","guid":{"rendered":"http:\/\/floranium.com\/de\/?page_id=105"},"modified":"2020-01-15T12:50:30","modified_gmt":"2020-01-15T11:50:30","slug":"funktionsweise","status":"publish","type":"page","link":"https:\/\/floranium.com\/de\/funktionsweise\/","title":{"rendered":"Funktionsweise"},"content":{"rendered":"<h2>Wie funktioniert ein Floranion?<\/h2>\n<p><span style=\"font-size: 18pt;\"><b>Pflanzen-Aktivit\u00e4ten und Signale<\/b><\/span><\/p>\n<p style=\"text-align: justify;\"><span style=\"font-size: 14pt;\">Grunds\u00e4tzlich kann zwischen zwei unterschiedlichen biologischen Aktivit\u00e4ten in einer Pflanze unterschieden werden, welche Signale aussenden: Prim\u00e4re und sekund\u00e4re Stoffwechselprozesse. <\/span><\/p>\n<p style=\"text-align: justify;\"><span style=\"font-size: 14pt;\">Zu den Prim\u00e4ren Stoffwechselprozessen (Prim\u00e4rmetaboliten) z\u00e4hlen Fotosynthese, Ionenaustausch an den Zellmembranen (Anionen\/Kationen), Reizweiterleitungen \u00fcber Aktionspotenziale sowie auch die Kommunikation \u00fcber elektrische Signale durch die N\u00e4hrstoff-Bahnen (Phloem). Signale, die durch prim\u00e4re Stoffwechselprozesse ausgel\u00f6st werden, lassen sich allerdings nur mit viel Aufwand messen. Dazu werden extrem feine Elektroden ben\u00f6tigt die direkt in die N\u00e4hrstoff Bahnen eingebracht werden k\u00f6nnen, ohne dabei \u00fcber die feuchte Au\u00dfenhaut der Pflanze \u201ekurzgeschlossen\u201c zu werden. Ein Beispiel ist die \u201eBlattlaus-Bio-Elektrode\u201c (Ja \u2013 Sie haben richtig gelesen!). Eine Kohlblattlaus wird mit einem sehr feinen Golddraht verbunden. Da die Blattlaus auf die N\u00e4hrstoffe der Pflanze aus ist, dringt sie mit ihrem Stachel in die N\u00e4hrstoff-Bahn (Phloem) ein und stellt durch Saugen eine direkte elektrische Verbindung zum Phloem her. Ob die Blattlaus merkt, dass sie als Elektrode missbraucht wird, ist unbekannt.<\/span><\/p>\n<p style=\"text-align: justify;\"><img loading=\"lazy\" decoding=\"async\" class=\"size-full wp-image-716 aligncenter\" src=\"https:\/\/floranium.com\/de\/wp-content\/uploads\/2019\/11\/blattlaus.jpg\" alt=\"\" width=\"1212\" height=\"531\" srcset=\"https:\/\/floranium.com\/de\/wp-content\/uploads\/2019\/11\/blattlaus.jpg 1212w, https:\/\/floranium.com\/de\/wp-content\/uploads\/2019\/11\/blattlaus-300x131.jpg 300w, https:\/\/floranium.com\/de\/wp-content\/uploads\/2019\/11\/blattlaus-1024x449.jpg 1024w, https:\/\/floranium.com\/de\/wp-content\/uploads\/2019\/11\/blattlaus-768x336.jpg 768w, https:\/\/floranium.com\/de\/wp-content\/uploads\/2019\/11\/blattlaus-150x66.jpg 150w, https:\/\/floranium.com\/de\/wp-content\/uploads\/2019\/11\/blattlaus-600x263.jpg 600w\" sizes=\"auto, (max-width: 1212px) 100vw, 1212px\" \/><\/p>\n<p style=\"text-align: justify;\"><span style=\"font-size: 14pt;\">Sekund\u00e4re Stoffwechselprozessen (Sekund\u00e4rmetaboliten) erzeugen pflanzliche Stoffe wie phenolische und isoprenoide Verbindungen, Alkaloide (Koffein, Nikotin) und Aminos\u00e4uren wie Alliin oder Canavanin. Diese Prozesse wirken sich auf die elektrolytischen Eigenschaften der Pflanze aus und k\u00f6nnen deshalb mittels Elektroden an der Au\u00dfenhaut der Pflanze elektrisch gemessen werden.<\/span><\/p>\n<p style=\"text-align: justify;\"><span style=\"font-size: 14pt;\">Das Funktionsprinzip des Floranions ist \u00e4hnlich eines EKG Ger\u00e4tes im medizinischen Bereich: \u00dcber einen hochohmigen Widerstand wird eine kleiner Strom im uA Bereich auf ein Blatt gegeben, der durch die Pflanze gegen Erde abflie\u00dft. Gleichzeitig wird die Spannung dann zwischen Blatt und Erde verst\u00e4rkt, gefiltert und mittels Analog-Digital Wandler von einem Mikrocontroller gemessen.<\/span><\/p>\n<p><img loading=\"lazy\" decoding=\"async\" class=\"alignnone size-full wp-image-285\" src=\"http:\/\/floranium.com\/de\/wp-content\/uploads\/2016\/02\/floraniumHowItWorks002s.jpg\" alt=\"floraniumHowItWorks002s\" width=\"1000\" height=\"641\" srcset=\"https:\/\/floranium.com\/de\/wp-content\/uploads\/2016\/02\/floraniumHowItWorks002s.jpg 1000w, https:\/\/floranium.com\/de\/wp-content\/uploads\/2016\/02\/floraniumHowItWorks002s-600x385.jpg 600w, https:\/\/floranium.com\/de\/wp-content\/uploads\/2016\/02\/floraniumHowItWorks002s-300x192.jpg 300w, https:\/\/floranium.com\/de\/wp-content\/uploads\/2016\/02\/floraniumHowItWorks002s-768x492.jpg 768w, https:\/\/floranium.com\/de\/wp-content\/uploads\/2016\/02\/floraniumHowItWorks002s-31x20.jpg 31w, https:\/\/floranium.com\/de\/wp-content\/uploads\/2016\/02\/floraniumHowItWorks002s-38x24.jpg 38w, https:\/\/floranium.com\/de\/wp-content\/uploads\/2016\/02\/floraniumHowItWorks002s-335x215.jpg 335w, https:\/\/floranium.com\/de\/wp-content\/uploads\/2016\/02\/floraniumHowItWorks002s-234x150.jpg 234w, https:\/\/floranium.com\/de\/wp-content\/uploads\/2016\/02\/floraniumHowItWorks002s-150x96.jpg 150w\" sizes=\"auto, (max-width: 1000px) 100vw, 1000px\" \/><\/p>\n<p style=\"text-align: justify;\"><span style=\"font-size: 14pt;\">Der Mikrocontroller wandelt die Messwerte in ein RGB Farbspiel um. Im Prinzip \u00e4hnlich der Funktionsweise des Zeigers einer mechanischen Messuhr, bei dem der rotierende Zeiger quasi eine volle Umdrehung macht pro Millimeter Nadeldistanz. Somit lassen sich trotz gro\u00dfem Spannungshub (Dynamik Bereich) auch sehr kleine Signal\u00e4nderungen beobachten.<\/span><\/p>\n<p><img loading=\"lazy\" decoding=\"async\" class=\"alignnone size-full wp-image-303\" src=\"http:\/\/floranium.com\/de\/wp-content\/uploads\/2016\/02\/messuhr00.jpg\" alt=\"messuhr00\" width=\"1000\" height=\"784\" srcset=\"https:\/\/floranium.com\/de\/wp-content\/uploads\/2016\/02\/messuhr00.jpg 1000w, https:\/\/floranium.com\/de\/wp-content\/uploads\/2016\/02\/messuhr00-600x470.jpg 600w, https:\/\/floranium.com\/de\/wp-content\/uploads\/2016\/02\/messuhr00-300x235.jpg 300w, https:\/\/floranium.com\/de\/wp-content\/uploads\/2016\/02\/messuhr00-768x602.jpg 768w, https:\/\/floranium.com\/de\/wp-content\/uploads\/2016\/02\/messuhr00-31x24.jpg 31w, https:\/\/floranium.com\/de\/wp-content\/uploads\/2016\/02\/messuhr00-38x30.jpg 38w, https:\/\/floranium.com\/de\/wp-content\/uploads\/2016\/02\/messuhr00-274x215.jpg 274w, https:\/\/floranium.com\/de\/wp-content\/uploads\/2016\/02\/messuhr00-191x150.jpg 191w, https:\/\/floranium.com\/de\/wp-content\/uploads\/2016\/02\/messuhr00-150x118.jpg 150w\" sizes=\"auto, (max-width: 1000px) 100vw, 1000px\" \/><\/p>\n<p style=\"text-align: justify;\"><span style=\"font-size: 14pt;\">Zus\u00e4tzlich werden die Messwerte als seriellen Daten-Stream am USB Port ausgegeben bzw. beim Floranion Scientific \u00fcber das Display angezeigt. Zur Vermeidung von elektrostatischen- oder elektromagnetischen St\u00f6rungen empfiehlt es sich, die Pflanze in eine abgeschirmte Messkammer zu setzen.<\/span><\/p>\n<p>&nbsp;<\/p>\n<p><img loading=\"lazy\" decoding=\"async\" class=\"alignnone size-full wp-image-282\" src=\"http:\/\/floranium.com\/de\/wp-content\/uploads\/2016\/02\/flrmGlobeShield2s2.jpg\" alt=\"flrmGlobeShield2s2\" width=\"1000\" height=\"762\" srcset=\"https:\/\/floranium.com\/de\/wp-content\/uploads\/2016\/02\/flrmGlobeShield2s2.jpg 1000w, https:\/\/floranium.com\/de\/wp-content\/uploads\/2016\/02\/flrmGlobeShield2s2-600x457.jpg 600w, https:\/\/floranium.com\/de\/wp-content\/uploads\/2016\/02\/flrmGlobeShield2s2-300x229.jpg 300w, https:\/\/floranium.com\/de\/wp-content\/uploads\/2016\/02\/flrmGlobeShield2s2-768x585.jpg 768w, https:\/\/floranium.com\/de\/wp-content\/uploads\/2016\/02\/flrmGlobeShield2s2-31x24.jpg 31w, https:\/\/floranium.com\/de\/wp-content\/uploads\/2016\/02\/flrmGlobeShield2s2-38x29.jpg 38w, https:\/\/floranium.com\/de\/wp-content\/uploads\/2016\/02\/flrmGlobeShield2s2-282x215.jpg 282w, https:\/\/floranium.com\/de\/wp-content\/uploads\/2016\/02\/flrmGlobeShield2s2-197x150.jpg 197w, https:\/\/floranium.com\/de\/wp-content\/uploads\/2016\/02\/flrmGlobeShield2s2-150x114.jpg 150w\" sizes=\"auto, (max-width: 1000px) 100vw, 1000px\" \/><\/p>\n<p>&nbsp;<\/p>\n<p><span style=\"font-size: 14pt;\">Die \u00fcber die USB Schnittstelle seriell \u00fcbertragenen Daten k\u00f6nnen mittels eines Terminal Programms wie beispielsweise Putty (Windows) oder gtkTerm (Linux) und dem Programm KST live angezeigt, oder in einer Datei aufgezeichnet werden.<\/span><\/p>\n<p>&nbsp;<\/p>\n<p><img loading=\"lazy\" decoding=\"async\" class=\"alignnone size-full wp-image-287\" src=\"http:\/\/floranium.com\/de\/wp-content\/uploads\/2016\/02\/kstScreenShotAlpenveilchen.jpg\" alt=\"kstScreenShotAlpenveilchen\" width=\"1000\" height=\"607\" srcset=\"https:\/\/floranium.com\/de\/wp-content\/uploads\/2016\/02\/kstScreenShotAlpenveilchen.jpg 1000w, https:\/\/floranium.com\/de\/wp-content\/uploads\/2016\/02\/kstScreenShotAlpenveilchen-600x364.jpg 600w, https:\/\/floranium.com\/de\/wp-content\/uploads\/2016\/02\/kstScreenShotAlpenveilchen-300x182.jpg 300w, https:\/\/floranium.com\/de\/wp-content\/uploads\/2016\/02\/kstScreenShotAlpenveilchen-768x466.jpg 768w, https:\/\/floranium.com\/de\/wp-content\/uploads\/2016\/02\/kstScreenShotAlpenveilchen-31x19.jpg 31w, https:\/\/floranium.com\/de\/wp-content\/uploads\/2016\/02\/kstScreenShotAlpenveilchen-38x23.jpg 38w, https:\/\/floranium.com\/de\/wp-content\/uploads\/2016\/02\/kstScreenShotAlpenveilchen-354x215.jpg 354w, https:\/\/floranium.com\/de\/wp-content\/uploads\/2016\/02\/kstScreenShotAlpenveilchen-247x150.jpg 247w, https:\/\/floranium.com\/de\/wp-content\/uploads\/2016\/02\/kstScreenShotAlpenveilchen-150x91.jpg 150w\" sizes=\"auto, (max-width: 1000px) 100vw, 1000px\" \/><\/p>\n<p>Bild: Typischer Messkurvenverlauf der Aktivit\u00e4ten eines Alpenveilchens. Gemessen mit einem Floranion Discovery.<\/p>\n<p>&nbsp;<\/p>\n<p>&nbsp;<\/p>\n","protected":false},"excerpt":{"rendered":"<p>Wie funktioniert ein Floranion? Pflanzen-Aktivit\u00e4ten und Signale Grunds\u00e4tzlich kann zwischen zwei unterschiedlichen biologischen Aktivit\u00e4ten in einer Pflanze unterschieden werden, welche Signale aussenden: Prim\u00e4re und sekund\u00e4re Stoffwechselprozesse. Zu den Prim\u00e4ren Stoffwechselprozessen (Prim\u00e4rmetaboliten) z\u00e4hlen Fotosynthese, Ionenaustausch an den Zellmembranen (Anionen\/Kationen), Reizweiterleitungen \u00fcber Aktionspotenziale sowie auch die Kommunikation \u00fcber elektrische Signale durch die\u2026<\/p>\n<p> <a class=\"continue-reading-link\" href=\"https:\/\/floranium.com\/de\/funktionsweise\/\"><span>Continue reading<\/span><i class=\"crycon-right-dir\"><\/i><\/a> <\/p>\n","protected":false},"author":1,"featured_media":0,"parent":0,"menu_order":0,"comment_status":"closed","ping_status":"closed","template":"","meta":{"footnotes":""},"class_list":["post-105","page","type-page","status-publish","hentry"],"_links":{"self":[{"href":"https:\/\/floranium.com\/de\/wp-json\/wp\/v2\/pages\/105","targetHints":{"allow":["GET"]}}],"collection":[{"href":"https:\/\/floranium.com\/de\/wp-json\/wp\/v2\/pages"}],"about":[{"href":"https:\/\/floranium.com\/de\/wp-json\/wp\/v2\/types\/page"}],"author":[{"embeddable":true,"href":"https:\/\/floranium.com\/de\/wp-json\/wp\/v2\/users\/1"}],"replies":[{"embeddable":true,"href":"https:\/\/floranium.com\/de\/wp-json\/wp\/v2\/comments?post=105"}],"version-history":[{"count":24,"href":"https:\/\/floranium.com\/de\/wp-json\/wp\/v2\/pages\/105\/revisions"}],"predecessor-version":[{"id":757,"href":"https:\/\/floranium.com\/de\/wp-json\/wp\/v2\/pages\/105\/revisions\/757"}],"wp:attachment":[{"href":"https:\/\/floranium.com\/de\/wp-json\/wp\/v2\/media?parent=105"}],"curies":[{"name":"wp","href":"https:\/\/api.w.org\/{rel}","templated":true}]}}