{"id":145,"date":"2016-02-12T11:54:47","date_gmt":"2016-02-12T10:54:47","guid":{"rendered":"http:\/\/floranium.com\/de\/?page_id=145"},"modified":"2020-01-15T18:12:59","modified_gmt":"2020-01-15T17:12:59","slug":"fun","status":"publish","type":"page","link":"https:\/\/floranium.com\/de\/fun\/","title":{"rendered":"Art&#038;Fun"},"content":{"rendered":"<p style=\"text-align: justify;\"><span style=\"font-size: 14pt;\">Wissenschaft muss nicht unbedingt immer staubtrocken sein. Schon Leonardo Da Vinci hat gemalt, aber auch technisches entworfen. Wir sehen uns irgendwo zwischen Wissenschaft, Grenzwissenschaft und Kunst. Intuitives Erfahren von verborgenen, wissenschaftlichen Vorg\u00e4ngen. Visualisierung des Mystischen und Interaktion mit der Natur!<\/span><\/p>\n<p>&nbsp;<\/p>\n<p><img loading=\"lazy\" decoding=\"async\" class=\"alignnone size-full wp-image-218\" src=\"http:\/\/floranium.com\/de\/wp-content\/uploads\/2016\/02\/flrnMystArrow01ss.jpg\" alt=\"flrnMystArrow01ss\" width=\"1000\" height=\"664\" srcset=\"https:\/\/floranium.com\/de\/wp-content\/uploads\/2016\/02\/flrnMystArrow01ss.jpg 1000w, https:\/\/floranium.com\/de\/wp-content\/uploads\/2016\/02\/flrnMystArrow01ss-600x398.jpg 600w, https:\/\/floranium.com\/de\/wp-content\/uploads\/2016\/02\/flrnMystArrow01ss-300x199.jpg 300w, https:\/\/floranium.com\/de\/wp-content\/uploads\/2016\/02\/flrnMystArrow01ss-768x510.jpg 768w, https:\/\/floranium.com\/de\/wp-content\/uploads\/2016\/02\/flrnMystArrow01ss-31x21.jpg 31w, https:\/\/floranium.com\/de\/wp-content\/uploads\/2016\/02\/flrnMystArrow01ss-38x25.jpg 38w, https:\/\/floranium.com\/de\/wp-content\/uploads\/2016\/02\/flrnMystArrow01ss-324x215.jpg 324w, https:\/\/floranium.com\/de\/wp-content\/uploads\/2016\/02\/flrnMystArrow01ss-226x150.jpg 226w, https:\/\/floranium.com\/de\/wp-content\/uploads\/2016\/02\/flrnMystArrow01ss-150x100.jpg 150w\" sizes=\"auto, (max-width: 1000px) 100vw, 1000px\" \/><\/p>\n<p>&nbsp;<\/p>\n<p style=\"text-align: justify;\"><span style=\"font-size: 14pt;\">Deshalb sehen wir Floranions auch als Kunstwerke, Skulpturen die leben. Von einem Bio-Organismus gesteuert.<\/span><\/p>\n<p>&nbsp;<\/p>\n<p><img loading=\"lazy\" decoding=\"async\" class=\"alignnone size-full wp-image-221\" src=\"http:\/\/floranium.com\/de\/wp-content\/uploads\/2016\/02\/flrnChome01s.jpg\" alt=\"flrnChome01s\" width=\"1000\" height=\"664\" srcset=\"https:\/\/floranium.com\/de\/wp-content\/uploads\/2016\/02\/flrnChome01s.jpg 1000w, https:\/\/floranium.com\/de\/wp-content\/uploads\/2016\/02\/flrnChome01s-600x398.jpg 600w, https:\/\/floranium.com\/de\/wp-content\/uploads\/2016\/02\/flrnChome01s-300x199.jpg 300w, https:\/\/floranium.com\/de\/wp-content\/uploads\/2016\/02\/flrnChome01s-768x510.jpg 768w, https:\/\/floranium.com\/de\/wp-content\/uploads\/2016\/02\/flrnChome01s-31x21.jpg 31w, https:\/\/floranium.com\/de\/wp-content\/uploads\/2016\/02\/flrnChome01s-38x25.jpg 38w, https:\/\/floranium.com\/de\/wp-content\/uploads\/2016\/02\/flrnChome01s-324x215.jpg 324w, https:\/\/floranium.com\/de\/wp-content\/uploads\/2016\/02\/flrnChome01s-226x150.jpg 226w, https:\/\/floranium.com\/de\/wp-content\/uploads\/2016\/02\/flrnChome01s-150x100.jpg 150w\" sizes=\"auto, (max-width: 1000px) 100vw, 1000px\" \/><\/p>\n<p><img loading=\"lazy\" decoding=\"async\" class=\"alignnone size-full wp-image-229\" src=\"http:\/\/floranium.com\/de\/wp-content\/uploads\/2016\/02\/flrnFirst001s2.jpg\" alt=\"flrnFirst001s2\" width=\"664\" height=\"1000\" srcset=\"https:\/\/floranium.com\/de\/wp-content\/uploads\/2016\/02\/flrnFirst001s2.jpg 664w, https:\/\/floranium.com\/de\/wp-content\/uploads\/2016\/02\/flrnFirst001s2-600x904.jpg 600w, https:\/\/floranium.com\/de\/wp-content\/uploads\/2016\/02\/flrnFirst001s2-199x300.jpg 199w, https:\/\/floranium.com\/de\/wp-content\/uploads\/2016\/02\/flrnFirst001s2-21x31.jpg 21w, https:\/\/floranium.com\/de\/wp-content\/uploads\/2016\/02\/flrnFirst001s2-25x38.jpg 25w, https:\/\/floranium.com\/de\/wp-content\/uploads\/2016\/02\/flrnFirst001s2-143x215.jpg 143w, https:\/\/floranium.com\/de\/wp-content\/uploads\/2016\/02\/flrnFirst001s2-100x150.jpg 100w\" sizes=\"auto, (max-width: 664px) 100vw, 664px\" \/><\/p>\n<p><img loading=\"lazy\" decoding=\"async\" class=\"alignnone size-full wp-image-232\" src=\"http:\/\/floranium.com\/de\/wp-content\/uploads\/2016\/02\/flrnGallery01s.jpg\" alt=\"flrnGallery01s\" width=\"1000\" height=\"664\" srcset=\"https:\/\/floranium.com\/de\/wp-content\/uploads\/2016\/02\/flrnGallery01s.jpg 1000w, https:\/\/floranium.com\/de\/wp-content\/uploads\/2016\/02\/flrnGallery01s-600x398.jpg 600w, https:\/\/floranium.com\/de\/wp-content\/uploads\/2016\/02\/flrnGallery01s-300x199.jpg 300w, https:\/\/floranium.com\/de\/wp-content\/uploads\/2016\/02\/flrnGallery01s-768x510.jpg 768w, https:\/\/floranium.com\/de\/wp-content\/uploads\/2016\/02\/flrnGallery01s-31x21.jpg 31w, https:\/\/floranium.com\/de\/wp-content\/uploads\/2016\/02\/flrnGallery01s-38x25.jpg 38w, https:\/\/floranium.com\/de\/wp-content\/uploads\/2016\/02\/flrnGallery01s-324x215.jpg 324w, https:\/\/floranium.com\/de\/wp-content\/uploads\/2016\/02\/flrnGallery01s-226x150.jpg 226w, https:\/\/floranium.com\/de\/wp-content\/uploads\/2016\/02\/flrnGallery01s-150x100.jpg 150w\" sizes=\"auto, (max-width: 1000px) 100vw, 1000px\" \/><\/p>\n<p><img loading=\"lazy\" decoding=\"async\" class=\"alignnone size-full wp-image-233\" src=\"http:\/\/floranium.com\/de\/wp-content\/uploads\/2016\/02\/flrnCrystalSqare01s.jpg\" alt=\"flrnCrystalSqare01s\" width=\"664\" height=\"1000\" srcset=\"https:\/\/floranium.com\/de\/wp-content\/uploads\/2016\/02\/flrnCrystalSqare01s.jpg 664w, https:\/\/floranium.com\/de\/wp-content\/uploads\/2016\/02\/flrnCrystalSqare01s-600x904.jpg 600w, https:\/\/floranium.com\/de\/wp-content\/uploads\/2016\/02\/flrnCrystalSqare01s-199x300.jpg 199w, https:\/\/floranium.com\/de\/wp-content\/uploads\/2016\/02\/flrnCrystalSqare01s-21x31.jpg 21w, https:\/\/floranium.com\/de\/wp-content\/uploads\/2016\/02\/flrnCrystalSqare01s-25x38.jpg 25w, https:\/\/floranium.com\/de\/wp-content\/uploads\/2016\/02\/flrnCrystalSqare01s-143x215.jpg 143w, https:\/\/floranium.com\/de\/wp-content\/uploads\/2016\/02\/flrnCrystalSqare01s-100x150.jpg 100w\" sizes=\"auto, (max-width: 664px) 100vw, 664px\" \/><\/p>\n<p><img loading=\"lazy\" decoding=\"async\" class=\"alignnone size-full wp-image-235\" src=\"http:\/\/floranium.com\/de\/wp-content\/uploads\/2016\/02\/flrnSatinRose001s.jpg\" alt=\"flrnSatinRose001s\" width=\"1000\" height=\"664\" srcset=\"https:\/\/floranium.com\/de\/wp-content\/uploads\/2016\/02\/flrnSatinRose001s.jpg 1000w, https:\/\/floranium.com\/de\/wp-content\/uploads\/2016\/02\/flrnSatinRose001s-600x398.jpg 600w, https:\/\/floranium.com\/de\/wp-content\/uploads\/2016\/02\/flrnSatinRose001s-300x199.jpg 300w, https:\/\/floranium.com\/de\/wp-content\/uploads\/2016\/02\/flrnSatinRose001s-768x510.jpg 768w, https:\/\/floranium.com\/de\/wp-content\/uploads\/2016\/02\/flrnSatinRose001s-31x21.jpg 31w, https:\/\/floranium.com\/de\/wp-content\/uploads\/2016\/02\/flrnSatinRose001s-38x25.jpg 38w, https:\/\/floranium.com\/de\/wp-content\/uploads\/2016\/02\/flrnSatinRose001s-324x215.jpg 324w, https:\/\/floranium.com\/de\/wp-content\/uploads\/2016\/02\/flrnSatinRose001s-226x150.jpg 226w, https:\/\/floranium.com\/de\/wp-content\/uploads\/2016\/02\/flrnSatinRose001s-150x100.jpg 150w\" sizes=\"auto, (max-width: 1000px) 100vw, 1000px\" \/><\/p>\n<p><img loading=\"lazy\" decoding=\"async\" class=\"alignnone size-full wp-image-342\" src=\"http:\/\/floranium.com\/de\/wp-content\/uploads\/2016\/02\/floranium0011.jpg\" alt=\"\" width=\"1000\" height=\"1333\" srcset=\"https:\/\/floranium.com\/de\/wp-content\/uploads\/2016\/02\/floranium0011.jpg 1000w, https:\/\/floranium.com\/de\/wp-content\/uploads\/2016\/02\/floranium0011-600x800.jpg 600w, https:\/\/floranium.com\/de\/wp-content\/uploads\/2016\/02\/floranium0011-225x300.jpg 225w, https:\/\/floranium.com\/de\/wp-content\/uploads\/2016\/02\/floranium0011-768x1024.jpg 768w, https:\/\/floranium.com\/de\/wp-content\/uploads\/2016\/02\/floranium0011-23x31.jpg 23w, https:\/\/floranium.com\/de\/wp-content\/uploads\/2016\/02\/floranium0011-29x38.jpg 29w, https:\/\/floranium.com\/de\/wp-content\/uploads\/2016\/02\/floranium0011-161x215.jpg 161w, https:\/\/floranium.com\/de\/wp-content\/uploads\/2016\/02\/floranium0011-113x150.jpg 113w\" sizes=\"auto, (max-width: 1000px) 100vw, 1000px\" \/><\/p>\n<p>&nbsp;<\/p>\n<p><span style=\"font-size: 18pt;\">Sie haben eine Idee und m\u00f6chten gerne ein lebendiges Kunstwerk erschaffen? Oder Sie sind K\u00fcnstler und m\u00f6chten das Floranium Projekt mit Ihrer Kunst verbinden? Sehr Gerne helfen wir Ihnen dabei. <a href=\"https:\/\/floranium.com\/de\/kontakt\/\">Schreiben Sie uns!<\/a><\/span><\/p>\n","protected":false},"excerpt":{"rendered":"<p>Wissenschaft muss nicht unbedingt immer staubtrocken sein. Schon Leonardo Da Vinci hat gemalt, aber auch technisches entworfen. Wir sehen uns irgendwo zwischen Wissenschaft, Grenzwissenschaft und Kunst. Intuitives Erfahren von verborgenen, wissenschaftlichen Vorg\u00e4ngen. Visualisierung des Mystischen und Interaktion mit der Natur! &nbsp; &nbsp; Deshalb sehen wir Floranions auch als Kunstwerke, Skulpturen\u2026<\/p>\n<p> <a class=\"continue-reading-link\" href=\"https:\/\/floranium.com\/de\/fun\/\"><span>Continue reading<\/span><i class=\"crycon-right-dir\"><\/i><\/a> <\/p>\n","protected":false},"author":1,"featured_media":0,"parent":0,"menu_order":0,"comment_status":"closed","ping_status":"closed","template":"","meta":{"footnotes":""},"class_list":["post-145","page","type-page","status-publish","hentry"],"_links":{"self":[{"href":"https:\/\/floranium.com\/de\/wp-json\/wp\/v2\/pages\/145","targetHints":{"allow":["GET"]}}],"collection":[{"href":"https:\/\/floranium.com\/de\/wp-json\/wp\/v2\/pages"}],"about":[{"href":"https:\/\/floranium.com\/de\/wp-json\/wp\/v2\/types\/page"}],"author":[{"embeddable":true,"href":"https:\/\/floranium.com\/de\/wp-json\/wp\/v2\/users\/1"}],"replies":[{"embeddable":true,"href":"https:\/\/floranium.com\/de\/wp-json\/wp\/v2\/comments?post=145"}],"version-history":[{"count":21,"href":"https:\/\/floranium.com\/de\/wp-json\/wp\/v2\/pages\/145\/revisions"}],"predecessor-version":[{"id":817,"href":"https:\/\/floranium.com\/de\/wp-json\/wp\/v2\/pages\/145\/revisions\/817"}],"wp:attachment":[{"href":"https:\/\/floranium.com\/de\/wp-json\/wp\/v2\/media?parent=145"}],"curies":[{"name":"wp","href":"https:\/\/api.w.org\/{rel}","templated":true}]}}