{"id":147,"date":"2016-02-12T11:55:19","date_gmt":"2016-02-12T10:55:19","guid":{"rendered":"http:\/\/floranium.com\/de\/?page_id=147"},"modified":"2020-01-15T18:11:36","modified_gmt":"2020-01-15T17:11:36","slug":"interessantes-ueber-pflanzensignale","status":"publish","type":"page","link":"https:\/\/floranium.com\/de\/interessantes-ueber-pflanzensignale\/","title":{"rendered":"Forschung"},"content":{"rendered":"<p>Die Forschung \u00fcber das &#8222;Geheime\u00a0 Leben der Pflanzen&#8220; ist seit jeher umstritten. Dass Pflanzen Gef\u00fchle haben, auf Musik reagieren, Energien wahrnehmen oder sogar Gedanken lesen k\u00f6nnen ist dahingestellt. Dass aber eine Pflanze eine Lebensform ist, die auf ihre Umgebung reagiert, gewissen Selbstschutz Mechanismen besitzt, und sich der Gegebenheiten der Natur anpassen kann, ist nicht von der Hand zu weisen und wissenschaftlich erwiesen.<\/p>\n<h3>\u00c4gyptischen Mythologie<\/h3>\n<p>Schon seit tausenden von Jahren spielen Pflanzen immer wieder eine G\u00f6ttliche Rolle. In der \u00c4gyptischen Mythologie wurde die Gottheit Amenemope verehrt (18 Dynastie). Als Beiname f\u00fchrte Amenemope den Titel \u201eSohn des Kamutef\u201c und sch\u00fctzte als Acker-Gott das Wachstum der Pflanzen. Er garantierte die Fruchtbarkeit \u00c4gyptens und trat zus\u00e4tzlich als Helfer des Ackerbaus auf.<\/p>\n<h3>Kelten<\/h3>\n<p>Als magische Kr\u00e4uter der Kelten werden M\u00e4des\u00fc\u00df, Eisenkraut, Mistel und Brunnenkresse beschrieben. Laut den keltischen Druiden, sprich also den Vorreitern von Kr\u00e4uterwissen und Volksheilkunde, sollen M\u00e4des\u00fc\u00df, Eisenkraut, Brunnenkresse und nat\u00fcrlich die Mistel besondere Kr\u00e4fte haben, worin also auch der Grund f\u00fcr die Bezeichnung \u201eheilige Kr\u00e4uter der Kelten\u201c liegt. F\u00fcr die Kelten war die Natur beseelt mit vielen Wesen, die in Kontakt mit den Menschen standen. Ihre spirituellen Versammlungsorte waren die W\u00e4lder,\u00a0ganz besonders die Eichenw\u00e4lder.<\/p>\n<h3>Dr. Gustav Theodor Fechner<\/h3>\n<p>Dr. Gustav Theodor Fechner (Pseudonym <i>Dr.\u00a0Mises<\/i>) war ein deutscher Psychologe, Physiker und Natur-Philosoph.<\/p>\n<p><img loading=\"lazy\" decoding=\"async\" class=\"alignnone size-full wp-image-258\" src=\"http:\/\/floranium.com\/de\/wp-content\/uploads\/2016\/02\/Fechner_Portrait3.jpg\" alt=\"Fechner_Portrait3\" width=\"424\" height=\"600\" srcset=\"https:\/\/floranium.com\/de\/wp-content\/uploads\/2016\/02\/Fechner_Portrait3.jpg 424w, https:\/\/floranium.com\/de\/wp-content\/uploads\/2016\/02\/Fechner_Portrait3-212x300.jpg 212w, https:\/\/floranium.com\/de\/wp-content\/uploads\/2016\/02\/Fechner_Portrait3-22x31.jpg 22w, https:\/\/floranium.com\/de\/wp-content\/uploads\/2016\/02\/Fechner_Portrait3-27x38.jpg 27w, https:\/\/floranium.com\/de\/wp-content\/uploads\/2016\/02\/Fechner_Portrait3-152x215.jpg 152w, https:\/\/floranium.com\/de\/wp-content\/uploads\/2016\/02\/Fechner_Portrait3-106x150.jpg 106w\" sizes=\"auto, (max-width: 424px) 100vw, 424px\" \/><\/p>\n<p>Fechner vertrat in sp\u00e4ten Jahren eine Theorie von der Allbeseelung des Universums und ist somit einer der wichtigsten Vertreter einer panpsychistischen Weltanschauung. Er besch\u00e4ftigte sich unter anderem intensiv mit dem Thema &#8222;Pflanzen&#8220; in &#8222;<a href=\"http:\/\/gutenberg.spiegel.de\/buch\/-5580\/1\">Nanna oder \u00dcber das Seelenleben der Pflanzen<\/a>&#8220;<\/p>\n<h3>Jagadish Chandra Bose<\/h3>\n<p>Der Indische Wissenschaftler <a href=\"https:\/\/de.wikipedia.org\/wiki\/Jagadish_Chandra_Bose\">Jagadish Chandra Bose<\/a> wandte sich nach Forschungen mit der Fernwirkung von Elektromagnetischen Wellen (Radiowellen) nach 1900 ganz dem Thema &#8222;Physiologie der Pflanzen&#8220; und leistete dort Pionierarbeit.\u00a0 Er ver\u00f6ffentlichte Publikationen \u00fcber die Einwirkung der elektromagnetischen Strahlen auf Pflanzen und deren Wachstum.<\/p>\n<p><img loading=\"lazy\" decoding=\"async\" class=\"alignnone size-full wp-image-259\" src=\"http:\/\/floranium.com\/de\/wp-content\/uploads\/2016\/02\/J.C.Bose3_.jpg\" alt=\"J.C.Bose3\" width=\"574\" height=\"398\" srcset=\"https:\/\/floranium.com\/de\/wp-content\/uploads\/2016\/02\/J.C.Bose3_.jpg 574w, https:\/\/floranium.com\/de\/wp-content\/uploads\/2016\/02\/J.C.Bose3_-300x208.jpg 300w, https:\/\/floranium.com\/de\/wp-content\/uploads\/2016\/02\/J.C.Bose3_-31x21.jpg 31w, https:\/\/floranium.com\/de\/wp-content\/uploads\/2016\/02\/J.C.Bose3_-38x26.jpg 38w, https:\/\/floranium.com\/de\/wp-content\/uploads\/2016\/02\/J.C.Bose3_-310x215.jpg 310w, https:\/\/floranium.com\/de\/wp-content\/uploads\/2016\/02\/J.C.Bose3_-216x150.jpg 216w, https:\/\/floranium.com\/de\/wp-content\/uploads\/2016\/02\/J.C.Bose3_-150x104.jpg 150w\" sizes=\"auto, (max-width: 574px) 100vw, 574px\" \/><\/p>\n<p>Er entwickelte Instrumente, um den Einfluss der Strahlen auf die Pflanzen zu messen, insbesondere einen Apparat, den er <i>\u201e<a href=\"http:\/\/researchpedia.info\/jagadish-chandra-bose-inventor-of-crescograph\/\">Crescograph<\/a>\u201c<\/i> nannte und mit dem er das Wachstum von Pflanzen mit bis zu 10 Millionenfacher Verst\u00e4rkung beobachten konnte. Insbesondere interessierte sich Bose f\u00fcr die Str\u00f6mungsgeschwindigkeit des Protoplasmas in der Pflanze unter verschiedenen Umweltbedingungen.\u00a0 (Quelle Wikipedia)<\/p>\n<p>Cleve Backster<\/p>\n<p>Am bekanntesten d\u00fcrften die Untersuchungen des Amerikanischen L\u00fcgendetektor Spezialisten <a href=\"http:\/\/www.deutschlandradiokultur.de\/die-gefuehle-des-drachenbaums.932.de.html?dram:article_id=129241\">Cleve Backster<\/a> sein.<\/p>\n<p><img loading=\"lazy\" decoding=\"async\" class=\"alignnone size-full wp-image-251\" src=\"http:\/\/floranium.com\/de\/wp-content\/uploads\/2016\/02\/backster4.jpg\" alt=\"backster4\" width=\"400\" height=\"400\" srcset=\"https:\/\/floranium.com\/de\/wp-content\/uploads\/2016\/02\/backster4.jpg 400w, https:\/\/floranium.com\/de\/wp-content\/uploads\/2016\/02\/backster4-300x300.jpg 300w, https:\/\/floranium.com\/de\/wp-content\/uploads\/2016\/02\/backster4-100x100.jpg 100w, https:\/\/floranium.com\/de\/wp-content\/uploads\/2016\/02\/backster4-150x150.jpg 150w, https:\/\/floranium.com\/de\/wp-content\/uploads\/2016\/02\/backster4-31x31.jpg 31w, https:\/\/floranium.com\/de\/wp-content\/uploads\/2016\/02\/backster4-38x38.jpg 38w, https:\/\/floranium.com\/de\/wp-content\/uploads\/2016\/02\/backster4-215x215.jpg 215w\" sizes=\"auto, (max-width: 400px) 100vw, 400px\" \/><\/p>\n<p>An einem Tag im Februar 1966 kam ihm die Idee, man k\u00f6nnte doch mal spa\u00dfeshalber einen L\u00fcgendetektor an eine Pflanze anschlie\u00dfen. W\u00fcrde man die Pflanze dann gie\u00dfen, dann m\u00fcsste ein Ausschlag zu sehen sein, der die Aufnahme von Fl\u00fcssigkeit zeigt, d.h. die elektrische Leitf\u00e4higkeit zwischen zwei Bl\u00e4ttern m\u00fcsste sich erh\u00f6hen. Als er den versuch startete, und die Pflanze goss, geschah jedoch genau das Gegenteilige. Die Ausschl\u00e4ge am Polygraph wurden kleiner. Fast so, als w\u00fcrde sich ein aufgeregter Mensch beruhigen. Cleve Backster kam darauf der Gedanke: &#8222;Was w\u00fcrde wohl passieren, wenn man ein Blatt der Pflanze mit einem Streichholz anz\u00fcnden w\u00fcrde?&#8220; Kaum hatte er Streichh\u00f6lzer besorgt, und angesetzt, um ein Streichholz anzuz\u00fcnden, fing der L\u00fcgendetektor auf einmal an, wie wild auszuschlagen. Diese Erfahrung \u00e4nderte sein ganzes Leben, sagt er in einer <a href=\"https:\/\/www.youtube.com\/watch?v=mGRluepFwdg\">Dokumentation seiner Versuche<\/a>.<\/p>\n<p><img loading=\"lazy\" decoding=\"async\" class=\"alignnone size-full wp-image-267\" src=\"http:\/\/floranium.com\/de\/wp-content\/uploads\/2016\/02\/cleveBacksterMatchMeasurment.jpg\" alt=\"cleveBacksterMatchMeasurment\" width=\"748\" height=\"463\" srcset=\"https:\/\/floranium.com\/de\/wp-content\/uploads\/2016\/02\/cleveBacksterMatchMeasurment.jpg 748w, https:\/\/floranium.com\/de\/wp-content\/uploads\/2016\/02\/cleveBacksterMatchMeasurment-600x371.jpg 600w, https:\/\/floranium.com\/de\/wp-content\/uploads\/2016\/02\/cleveBacksterMatchMeasurment-300x186.jpg 300w, https:\/\/floranium.com\/de\/wp-content\/uploads\/2016\/02\/cleveBacksterMatchMeasurment-31x19.jpg 31w, https:\/\/floranium.com\/de\/wp-content\/uploads\/2016\/02\/cleveBacksterMatchMeasurment-38x24.jpg 38w, https:\/\/floranium.com\/de\/wp-content\/uploads\/2016\/02\/cleveBacksterMatchMeasurment-347x215.jpg 347w, https:\/\/floranium.com\/de\/wp-content\/uploads\/2016\/02\/cleveBacksterMatchMeasurment-242x150.jpg 242w, https:\/\/floranium.com\/de\/wp-content\/uploads\/2016\/02\/cleveBacksterMatchMeasurment-150x93.jpg 150w\" sizes=\"auto, (max-width: 748px) 100vw, 748px\" \/><\/p>\n<p>Bis heute sind die Versuche von Cleve Backster sehr umstritten. Die Wissenschaft hat seine Forschungen nie wirklich anerkannt. Auch wenn nicht immer alles gleich hoch-pr\u00e4zise wissenschaftlich erkl\u00e4rt werden kann, so sollte doch demjenigen, der sein halbes Leben einer Forschung widmet, anstatt bel\u00e4chelt -, eine gewisse Achtung und Dankbarkeit entgegen gebracht werden. Cleve Backsters Versuche sind sehr beeindruckend, und vielleicht ist ja doch ein F\u00fcnkchen Wahrheit dran, was folgendes Video von der US Fernsehserie <a href=\"http:\/\/www.discovery.com\/tv-shows\/mythbusters\/\">Mythbusters<\/a> zeigt.<\/p>\n<p><a href=\"https:\/\/www.youtube.com\/watch?v=fStmk7e9lJo\"><img loading=\"lazy\" decoding=\"async\" class=\"alignnone size-full wp-image-268\" src=\"http:\/\/floranium.com\/de\/wp-content\/uploads\/2016\/02\/mythbusters.jpg\" alt=\"mythbusters\" width=\"600\" height=\"259\" srcset=\"https:\/\/floranium.com\/de\/wp-content\/uploads\/2016\/02\/mythbusters.jpg 600w, https:\/\/floranium.com\/de\/wp-content\/uploads\/2016\/02\/mythbusters-300x130.jpg 300w, https:\/\/floranium.com\/de\/wp-content\/uploads\/2016\/02\/mythbusters-31x13.jpg 31w, https:\/\/floranium.com\/de\/wp-content\/uploads\/2016\/02\/mythbusters-38x16.jpg 38w, https:\/\/floranium.com\/de\/wp-content\/uploads\/2016\/02\/mythbusters-425x183.jpg 425w, https:\/\/floranium.com\/de\/wp-content\/uploads\/2016\/02\/mythbusters-250x108.jpg 250w, https:\/\/floranium.com\/de\/wp-content\/uploads\/2016\/02\/mythbusters-150x65.jpg 150w\" sizes=\"auto, (max-width: 600px) 100vw, 600px\" \/><\/a><\/p>\n<p>&nbsp;<\/p>\n<h3>Nachfolgend noch ein paar spannende Videos und Links:<\/h3>\n<p>&nbsp;<\/p>\n<p><iframe loading=\"lazy\" title=\"Who&#039;s Speaking? Your Plant! Decoding the Language of Flora - Futuris\" width=\"570\" height=\"321\" src=\"https:\/\/www.youtube.com\/embed\/2tgdCB3v7mE?feature=oembed\" frameborder=\"0\" allow=\"accelerometer; autoplay; clipboard-write; encrypted-media; gyroscope; picture-in-picture; web-share\" referrerpolicy=\"strict-origin-when-cross-origin\" allowfullscreen><\/iframe><\/p>\n<p><iframe loading=\"lazy\" title=\"Meet the Sonic Artist Making Music with Plants: Sound Builders\" width=\"570\" height=\"321\" src=\"https:\/\/www.youtube.com\/embed\/wYU18eiiFt4?feature=oembed\" frameborder=\"0\" allow=\"accelerometer; autoplay; clipboard-write; encrypted-media; gyroscope; picture-in-picture; web-share\" referrerpolicy=\"strict-origin-when-cross-origin\" allowfullscreen><\/iframe><\/p>\n<p><iframe loading=\"lazy\" title=\"Gef\u00fchle und Wahrnehmung bei Pflanzen | NETZ NATUR mit Andreas Moser | DOK | SRF Wissen\" width=\"570\" height=\"321\" src=\"https:\/\/www.youtube.com\/embed\/esYR37i3FRA?feature=oembed\" frameborder=\"0\" allow=\"accelerometer; autoplay; clipboard-write; encrypted-media; gyroscope; picture-in-picture; web-share\" referrerpolicy=\"strict-origin-when-cross-origin\" allowfullscreen><\/iframe><\/p>\n<p><iframe loading=\"lazy\" title=\"Extrasensory Perception - Plants\" width=\"570\" height=\"428\" src=\"https:\/\/www.youtube.com\/embed\/tBQsimMsue4?feature=oembed\" frameborder=\"0\" allow=\"accelerometer; autoplay; clipboard-write; encrypted-media; gyroscope; picture-in-picture; web-share\" referrerpolicy=\"strict-origin-when-cross-origin\" allowfullscreen><\/iframe><\/p>\n<p><iframe loading=\"lazy\" title=\"How Plants Communicate &amp; Think - Nature Documentary HD\" width=\"570\" height=\"321\" src=\"https:\/\/www.youtube.com\/embed\/nUpfnSfzZ4k?feature=oembed\" frameborder=\"0\" allow=\"accelerometer; autoplay; clipboard-write; encrypted-media; gyroscope; picture-in-picture; web-share\" referrerpolicy=\"strict-origin-when-cross-origin\" allowfullscreen><\/iframe><\/p>\n<p><a href=\"https:\/\/www.youtube.com\/watch?v=CrrSAc-vjG4\">https:\/\/www.youtube.com\/watch?v=CrrSAc-vjG4<\/a><\/p>\n<p><iframe loading=\"lazy\" title=\"Are Plants Smart? Do Plants Have Feelings or Feel? | Plant Documentary | Green Plants &amp; Nature\" width=\"570\" height=\"321\" src=\"https:\/\/www.youtube.com\/embed\/WuKvUA6ckrY?feature=oembed\" frameborder=\"0\" allow=\"accelerometer; autoplay; clipboard-write; encrypted-media; gyroscope; picture-in-picture; web-share\" referrerpolicy=\"strict-origin-when-cross-origin\" allowfullscreen><\/iframe><\/p>\n<p><iframe loading=\"lazy\" title=\"Mythbusters - Plants have feelings, primary perception\" width=\"570\" height=\"321\" src=\"https:\/\/www.youtube.com\/embed\/kWWlgiVEr1k?feature=oembed\" frameborder=\"0\" allow=\"accelerometer; autoplay; clipboard-write; encrypted-media; gyroscope; picture-in-picture; web-share\" referrerpolicy=\"strict-origin-when-cross-origin\" allowfullscreen><\/iframe><\/p>\n<p><iframe loading=\"lazy\" title=\"How Trees Secretly Talk to Each Other in the Forest | Decoder\" width=\"570\" height=\"321\" src=\"https:\/\/www.youtube.com\/embed\/7kHZ0a_6TxY?feature=oembed\" frameborder=\"0\" allow=\"accelerometer; autoplay; clipboard-write; encrypted-media; gyroscope; picture-in-picture; web-share\" referrerpolicy=\"strict-origin-when-cross-origin\" allowfullscreen><\/iframe><\/p>\n<p><iframe loading=\"lazy\" title=\"Electrical experiments with plants that count and communicate | Greg Gage\" width=\"570\" height=\"321\" src=\"https:\/\/www.youtube.com\/embed\/pvBlSFVmoaw?feature=oembed\" frameborder=\"0\" allow=\"accelerometer; autoplay; clipboard-write; encrypted-media; gyroscope; picture-in-picture; web-share\" referrerpolicy=\"strict-origin-when-cross-origin\" allowfullscreen><\/iframe><\/p>\n<p><iframe loading=\"lazy\" title=\"Can Plants Feel Pain? &amp; More! Ask A Scientist #1\" width=\"570\" height=\"321\" src=\"https:\/\/www.youtube.com\/embed\/FagG1NccTCM?feature=oembed\" frameborder=\"0\" allow=\"accelerometer; autoplay; clipboard-write; encrypted-media; gyroscope; picture-in-picture; web-share\" referrerpolicy=\"strict-origin-when-cross-origin\" allowfullscreen><\/iframe><\/p>\n<p><iframe loading=\"lazy\" title=\"Are plants conscious? | Stefano Mancuso | TEDxGranV\u00edaSalon\" width=\"570\" height=\"321\" src=\"https:\/\/www.youtube.com\/embed\/gBGt5OeAQFk?feature=oembed\" frameborder=\"0\" allow=\"accelerometer; autoplay; clipboard-write; encrypted-media; gyroscope; picture-in-picture; web-share\" referrerpolicy=\"strict-origin-when-cross-origin\" allowfullscreen><\/iframe><\/p>\n<p>&nbsp;<\/p>\n<p><a href=\"https:\/\/www.youtube.com\/watch?v=kTWcVnMPChM\">https:\/\/www.youtube.com\/watch?v=kTWcVnMPChM<\/a><\/p>\n<p>&nbsp;<\/p>\n<p><a href=\"https:\/\/www.sciencedaily.com\/releases\/2013\/02\/130221143900.htm\" target=\"_blank\" rel=\"noopener noreferrer\">Floral signs go electric: Bumblebees find and distinguish electric signals from flowers<\/a><\/p>\n<p><a href=\"http:\/\/www.icr.org\/article\/7700\/\" target=\"_blank\" rel=\"noopener noreferrer\">Shocking Evidence of Electrical Signals in Plants<\/a><\/p>\n<p><a href=\"http:\/\/iopscience.iop.org\/article\/10.1088\/1742-6596\/48\/1\/254\/pdf;jsessionid=71F7B1F37111235C3A8F94D2E79A3880.c4.iopscience.cld.iop.org\" target=\"_blank\" rel=\"noopener noreferrer\">Studies on the plant electric wave signal by the wavelet analysis<\/a><\/p>\n<p><a href=\"http:\/\/www.ncbi.nlm.nih.gov\/pmc\/journals\/804\/\" target=\"_blank\" rel=\"noopener noreferrer\">Plant Signaling &amp; Behavior<\/a><\/p>\n<p>&nbsp;<\/p>\n","protected":false},"excerpt":{"rendered":"<p>Die Forschung \u00fcber das &#8222;Geheime\u00a0 Leben der Pflanzen&#8220; ist seit jeher umstritten. Dass Pflanzen Gef\u00fchle haben, auf Musik reagieren, Energien wahrnehmen oder sogar Gedanken lesen k\u00f6nnen ist dahingestellt. Dass aber eine Pflanze eine Lebensform ist, die auf ihre Umgebung reagiert, gewissen Selbstschutz Mechanismen besitzt, und sich der Gegebenheiten der Natur\u2026<\/p>\n<p> <a class=\"continue-reading-link\" href=\"https:\/\/floranium.com\/de\/interessantes-ueber-pflanzensignale\/\"><span>Continue reading<\/span><i class=\"crycon-right-dir\"><\/i><\/a> <\/p>\n","protected":false},"author":1,"featured_media":0,"parent":0,"menu_order":0,"comment_status":"closed","ping_status":"closed","template":"","meta":{"footnotes":""},"class_list":["post-147","page","type-page","status-publish","hentry"],"_links":{"self":[{"href":"https:\/\/floranium.com\/de\/wp-json\/wp\/v2\/pages\/147","targetHints":{"allow":["GET"]}}],"collection":[{"href":"https:\/\/floranium.com\/de\/wp-json\/wp\/v2\/pages"}],"about":[{"href":"https:\/\/floranium.com\/de\/wp-json\/wp\/v2\/types\/page"}],"author":[{"embeddable":true,"href":"https:\/\/floranium.com\/de\/wp-json\/wp\/v2\/users\/1"}],"replies":[{"embeddable":true,"href":"https:\/\/floranium.com\/de\/wp-json\/wp\/v2\/comments?post=147"}],"version-history":[{"count":37,"href":"https:\/\/floranium.com\/de\/wp-json\/wp\/v2\/pages\/147\/revisions"}],"predecessor-version":[{"id":816,"href":"https:\/\/floranium.com\/de\/wp-json\/wp\/v2\/pages\/147\/revisions\/816"}],"wp:attachment":[{"href":"https:\/\/floranium.com\/de\/wp-json\/wp\/v2\/media?parent=147"}],"curies":[{"name":"wp","href":"https:\/\/api.w.org\/{rel}","templated":true}]}}