{"id":166,"date":"2016-02-12T12:57:02","date_gmt":"2016-02-12T11:57:02","guid":{"rendered":"http:\/\/floranium.com\/de\/?page_id=166"},"modified":"2025-09-05T14:35:20","modified_gmt":"2025-09-05T12:35:20","slug":"kontakt","status":"publish","type":"page","link":"https:\/\/floranium.com\/de\/kontakt\/","title":{"rendered":"Kontakt"},"content":{"rendered":"<p>Interesse am neuen Silent Friend Edition Floranion? Einfach schreiben dann seid ihr auf unserer Warteliste und werdet benachrichtigt sobald das neue Floranion verf\u00fcgbar ist:<\/p>\n<div class=\"wpforms-container wpforms-container-full\" id=\"wpforms-684\"><form id=\"wpforms-form-684\" class=\"wpforms-validate wpforms-form\" data-formid=\"684\" method=\"post\" enctype=\"multipart\/form-data\" action=\"\/de\/wp-json\/wp\/v2\/pages\/166\" data-token=\"5c9b5d1cd6d80a9191a6cec11668dcac\" data-token-time=\"1777703306\"><noscript class=\"wpforms-error-noscript\">Bitte aktiviere JavaScript in deinem Browser, um dieses Formular fertigzustellen.<\/noscript><div class=\"wpforms-field-container\"><div id=\"wpforms-684-field_0-container\" class=\"wpforms-field wpforms-field-name\" data-field-id=\"0\"><label class=\"wpforms-field-label\">Name <span class=\"wpforms-required-label\">*<\/span><\/label><div class=\"wpforms-field-row wpforms-field-medium\"><div class=\"wpforms-field-row-block wpforms-first wpforms-one-half\"><input type=\"text\" id=\"wpforms-684-field_0\" class=\"wpforms-field-name-first wpforms-field-required\" name=\"wpforms[fields][0][first]\" required><label for=\"wpforms-684-field_0\" class=\"wpforms-field-sublabel after\">Vorname<\/label><\/div><div class=\"wpforms-field-row-block wpforms-one-half\"><input type=\"text\" id=\"wpforms-684-field_0-last\" class=\"wpforms-field-name-last wpforms-field-required\" name=\"wpforms[fields][0][last]\" required><label for=\"wpforms-684-field_0-last\" class=\"wpforms-field-sublabel after\">Nachname<\/label><\/div><\/div><\/div><div id=\"wpforms-684-field_1-container\" class=\"wpforms-field wpforms-field-email\" data-field-id=\"1\"><label class=\"wpforms-field-label\" for=\"wpforms-684-field_1\">E-Mail <span class=\"wpforms-required-label\">*<\/span><\/label><input type=\"email\" id=\"wpforms-684-field_1\" class=\"wpforms-field-medium wpforms-field-required\" name=\"wpforms[fields][1]\" spellcheck=\"false\" required><\/div><div id=\"wpforms-684-field_2-container\" class=\"wpforms-field wpforms-field-textarea\" data-field-id=\"2\"><label class=\"wpforms-field-label\" for=\"wpforms-684-field_2\">Kommentar oder Nachricht <span class=\"wpforms-required-label\">*<\/span><\/label><textarea id=\"wpforms-684-field_2\" class=\"wpforms-field-medium wpforms-field-required\" name=\"wpforms[fields][2]\" required><\/textarea><\/div><\/div><!-- .wpforms-field-container --><div class=\"wpforms-field wpforms-field-hp\"><label for=\"wpforms-684-field-hp\" class=\"wpforms-field-label\">Message<\/label><input type=\"text\" name=\"wpforms[hp]\" id=\"wpforms-684-field-hp\" class=\"wpforms-field-medium\"><\/div><div class=\"wpforms-submit-container\" ><input type=\"hidden\" name=\"wpforms[id]\" value=\"684\"><input type=\"hidden\" name=\"page_title\" value=\"\"><input type=\"hidden\" name=\"page_url\" value=\"https:\/\/floranium.com\/de\/wp-json\/wp\/v2\/pages\/166\"><input type=\"hidden\" name=\"url_referer\" value=\"\"><button type=\"submit\" name=\"wpforms[submit]\" id=\"wpforms-submit-684\" class=\"wpforms-submit\" data-alt-text=\"Senden...\" data-submit-text=\"Absenden\" aria-live=\"assertive\" value=\"wpforms-submit\">Absenden<\/button><\/div><\/form><\/div>  <!-- .wpforms-container -->\n<p>&nbsp;<\/p>\n<p>Martin Heine M.Sc.<br \/>\nLight Art Vision<\/p>\n<p>Ingenieurb\u00fcro f\u00fcr Elektronik Entwicklung und Beratung.<br \/>\nEmbedded Systeme Hardware\/Firmware Sensortechnik \u2013 IoT<br \/>\nHF\/NF Funktechnik Antennentechnik &#8211; Messtechnik &#8211; EMV<\/p>\n<p>Tel: +49 (0) 7128 3009800<\/p>\n<p><a class=\"moz-txt-link-abbreviated\" href=\"http:\/\/www.lightartvision.com\">www.lightartvision.de<\/a><br \/>\ninfo@floranium.com<\/p>\n","protected":false},"excerpt":{"rendered":"<p>Interesse am neuen Silent Friend Edition Floranion? Einfach schreiben dann seid ihr auf unserer Warteliste und werdet benachrichtigt sobald das neue Floranion verf\u00fcgbar ist: &nbsp; Martin Heine M.Sc. Light Art Vision Ingenieurb\u00fcro f\u00fcr Elektronik Entwicklung und Beratung. Embedded Systeme Hardware\/Firmware Sensortechnik \u2013 IoT HF\/NF Funktechnik Antennentechnik &#8211; Messtechnik &#8211; EMV\u2026<\/p>\n<p> <a class=\"continue-reading-link\" href=\"https:\/\/floranium.com\/de\/kontakt\/\"><span>Continue reading<\/span><i class=\"crycon-right-dir\"><\/i><\/a> <\/p>\n","protected":false},"author":1,"featured_media":0,"parent":0,"menu_order":0,"comment_status":"closed","ping_status":"closed","template":"","meta":{"footnotes":""},"class_list":["post-166","page","type-page","status-publish","hentry"],"_links":{"self":[{"href":"https:\/\/floranium.com\/de\/wp-json\/wp\/v2\/pages\/166","targetHints":{"allow":["GET"]}}],"collection":[{"href":"https:\/\/floranium.com\/de\/wp-json\/wp\/v2\/pages"}],"about":[{"href":"https:\/\/floranium.com\/de\/wp-json\/wp\/v2\/types\/page"}],"author":[{"embeddable":true,"href":"https:\/\/floranium.com\/de\/wp-json\/wp\/v2\/users\/1"}],"replies":[{"embeddable":true,"href":"https:\/\/floranium.com\/de\/wp-json\/wp\/v2\/comments?post=166"}],"version-history":[{"count":13,"href":"https:\/\/floranium.com\/de\/wp-json\/wp\/v2\/pages\/166\/revisions"}],"predecessor-version":[{"id":910,"href":"https:\/\/floranium.com\/de\/wp-json\/wp\/v2\/pages\/166\/revisions\/910"}],"wp:attachment":[{"href":"https:\/\/floranium.com\/de\/wp-json\/wp\/v2\/media?parent=166"}],"curies":[{"name":"wp","href":"https:\/\/api.w.org\/{rel}","templated":true}]}}