{"id":25,"date":"2016-01-24T16:35:33","date_gmt":"2016-01-24T15:35:33","guid":{"rendered":"http:\/\/floranium.com\/de\/?page_id=25"},"modified":"2026-01-21T15:07:55","modified_gmt":"2026-01-21T14:07:55","slug":"entdecke-das-geheime-leben-der-pflanzen","status":"publish","type":"page","link":"https:\/\/floranium.com\/de\/","title":{"rendered":"Entdecke das geheime Leben der Pflanzen!"},"content":{"rendered":"<h3>Herzlich Willkommen auf der Floranium Webseite!<\/h3>\n<p style=\"text-align: justify;\">Pflanzen sind Lebewesen: Sie haben einen Stoffwechsel, passen sich ihrer Umgebung an, entwickeln Abwehrmechanismen gegen Feinde und Krankheiten und reagieren auf vielf\u00e4ltige Einfl\u00fcsse. Mit blo\u00dfem Auge sind diese Prozesse jedoch kaum erkennbar.<\/p>\n<p class=\"my-2 [&amp;+p]:mt-4 [&amp;_strong:has(+br)]:inline-block [&amp;_strong:has(+br)]:pb-2\"><strong>Floranions<\/strong>\u00a0(eine Wortsch\u00f6pfung aus\u00a0<em>\u201eFlora\u201c<\/em>\u00a0und\u00a0<em>\u201eIonen\u201c<\/em>) \u2013 sind Mess-Instrumente mit denen sich die Signale von Pflanzen und ihren Metabolismus erfassen und visualisieren lassen. Eines Tages k\u00f6nnen wir vielleicht damit sogar die Sprache der Pflanzen verstehen.<\/p>\n<p class=\"my-2 [&amp;+p]:mt-4 [&amp;_strong:has(+br)]:inline-block [&amp;_strong:has(+br)]:pb-2\">Der Arthouse Film \u201eSILENT FRIEND\u201c ist nun in den Kinos! <strong>Mit echter Floranium Technik von uns!<\/strong><\/p>\n<p><img loading=\"lazy\" decoding=\"async\" class=\"size-full wp-image-935 aligncenter\" src=\"https:\/\/floranium.com\/de\/wp-content\/uploads\/2026\/01\/silent-friend_socmed_sharepic_plakat_01x01.jpg\" alt=\"\" width=\"1080\" height=\"1080\" srcset=\"https:\/\/floranium.com\/de\/wp-content\/uploads\/2026\/01\/silent-friend_socmed_sharepic_plakat_01x01.jpg 1080w, https:\/\/floranium.com\/de\/wp-content\/uploads\/2026\/01\/silent-friend_socmed_sharepic_plakat_01x01-300x300.jpg 300w, https:\/\/floranium.com\/de\/wp-content\/uploads\/2026\/01\/silent-friend_socmed_sharepic_plakat_01x01-1024x1024.jpg 1024w, https:\/\/floranium.com\/de\/wp-content\/uploads\/2026\/01\/silent-friend_socmed_sharepic_plakat_01x01-150x150.jpg 150w, https:\/\/floranium.com\/de\/wp-content\/uploads\/2026\/01\/silent-friend_socmed_sharepic_plakat_01x01-768x768.jpg 768w, https:\/\/floranium.com\/de\/wp-content\/uploads\/2026\/01\/silent-friend_socmed_sharepic_plakat_01x01-600x600.jpg 600w, https:\/\/floranium.com\/de\/wp-content\/uploads\/2026\/01\/silent-friend_socmed_sharepic_plakat_01x01-100x100.jpg 100w\" sizes=\"auto, (max-width: 1080px) 100vw, 1080px\" \/><\/p>\n<p>In den Szenen von 1972 ist eine Geranie an ein echtes, funktionierendes Ur-Floranion angeschlossen: ein Originalger\u00e4t aus den 80ern \u2013 das allererste \u00fcberhaupt gebaute. Und es funktioniert bis heute! <strong>Die Reaktionen der Pflanze im Film sind also echt<\/strong>. Nur beim \u00f6ffnen des Gartentors haben wir ein wenig nachgeholfen \ud83d\ude09<\/p>\n<p>&nbsp;<\/p>\n<p>Nat\u00fcrlich wird es zum Film demn\u00e4chst auch ein neues Floranium geben<strong>: &#8222;FLORANION SILENT FRIEND LIMITED EDITION&#8220;<\/strong>.<\/p>\n<p><img loading=\"lazy\" decoding=\"async\" class=\" wp-image-946 aligncenter\" src=\"https:\/\/floranium.com\/de\/wp-content\/uploads\/2026\/01\/floranionSilentFriend01.png\" alt=\"\" width=\"460\" height=\"648\" srcset=\"https:\/\/floranium.com\/de\/wp-content\/uploads\/2026\/01\/floranionSilentFriend01.png 960w, https:\/\/floranium.com\/de\/wp-content\/uploads\/2026\/01\/floranionSilentFriend01-213x300.png 213w, https:\/\/floranium.com\/de\/wp-content\/uploads\/2026\/01\/floranionSilentFriend01-727x1024.png 727w, https:\/\/floranium.com\/de\/wp-content\/uploads\/2026\/01\/floranionSilentFriend01-768x1082.png 768w, https:\/\/floranium.com\/de\/wp-content\/uploads\/2026\/01\/floranionSilentFriend01-107x150.png 107w, https:\/\/floranium.com\/de\/wp-content\/uploads\/2026\/01\/floranionSilentFriend01-600x845.png 600w, https:\/\/floranium.com\/de\/wp-content\/uploads\/2026\/01\/floranionSilentFriend01-43x60.png 43w, https:\/\/floranium.com\/de\/wp-content\/uploads\/2026\/01\/floranionSilentFriend01-64x90.png 64w\" sizes=\"auto, (max-width: 460px) 100vw, 460px\" \/><\/p>\n<p><a href=\"https:\/\/floranium.com\/de\/kontakt\/\">Schreibt uns einfach<\/a> wenn ihr so ein Ger\u00e4t haben wollt. Wir gehen davon aus, dass das <strong>FLORANION SILENT FRIEND EDITION<\/strong> schnell ausverkauft sein wird. Es lohnt sich also, sich rechtzeitig auf die Warteliste setzen zu lassen.<\/p>\n<p>&nbsp;<\/p>\n<p><span style=\"font-size: 24pt;\">FLORANION MagicCone II<\/span><br \/>\n<a href=\"https:\/\/floranium.com\/de\/produkt\/floranion-magiccone-ii\/\"><img loading=\"lazy\" decoding=\"async\" class=\"wp-image-596 alignleft\" src=\"https:\/\/floranium.com\/de\/wp-content\/uploads\/2019\/11\/flrnMagicC2-render003.jpg\" alt=\"\" width=\"385\" height=\"845\" srcset=\"https:\/\/floranium.com\/de\/wp-content\/uploads\/2019\/11\/flrnMagicC2-render003.jpg 816w, https:\/\/floranium.com\/de\/wp-content\/uploads\/2019\/11\/flrnMagicC2-render003-137x300.jpg 137w, https:\/\/floranium.com\/de\/wp-content\/uploads\/2019\/11\/flrnMagicC2-render003-466x1024.jpg 466w, https:\/\/floranium.com\/de\/wp-content\/uploads\/2019\/11\/flrnMagicC2-render003-768x1687.jpg 768w, https:\/\/floranium.com\/de\/wp-content\/uploads\/2019\/11\/flrnMagicC2-render003-699x1536.jpg 699w, https:\/\/floranium.com\/de\/wp-content\/uploads\/2019\/11\/flrnMagicC2-render003-68x150.jpg 68w, https:\/\/floranium.com\/de\/wp-content\/uploads\/2019\/11\/flrnMagicC2-render003-600x1318.jpg 600w\" sizes=\"auto, (max-width: 385px) 100vw, 385px\" \/><\/a><\/p>\n<p>&nbsp;<\/p>\n<p style=\"text-align: justify;\">Das Floranion Magic Cone II ist das j\u00fcngste Mitglied in der Floranium Familie. Mit seinem Erdspie\u00df wird es einfach neben die Pflanze in die Erde gesteckt, das Messkabel an einem Blatt befestigt, mit dem USB Kabel ans Netzteil angeschlossen und schon ist es Betriebsbereit.<\/p>\n<p style=\"text-align: justify;\">Das Geh\u00e4use ist aus Polylactide, umgangssprachlich auch als Polymilchs\u00e4uren oder PLA bezeichnet und mit dem FDM (Fused Deposition Modeling) Verfahren gefertigt.<\/p>\n<p style=\"text-align: justify;\">Polylactid-Kunststoffe sind biokompatibel, d.h. sie haben keinen negativen Einfluss auf Lebenwesen in Ihrer Umgebung. Damit m\u00f6chten wir einen Beitrag zum Naturschutz leisten.<\/p>\n<p style=\"text-align: justify;\">Durch das FDM Verfahren, also die Aufeinanderschichtung transparenten PLAs<\/p>\n<p><a href=\"https:\/\/floranium.com\/de\/wp-content\/uploads\/2019\/11\/flrnMagicCone2-001.jpg\" target=\"_blank\" rel=\"noopener noreferrer\"><img loading=\"lazy\" decoding=\"async\" class=\"alignright wp-image-611 size-medium\" src=\"https:\/\/floranium.com\/de\/wp-content\/uploads\/2019\/11\/flrnMagicCone2-001-225x300.jpg\" alt=\"\" width=\"225\" height=\"300\" srcset=\"https:\/\/floranium.com\/de\/wp-content\/uploads\/2019\/11\/flrnMagicCone2-001-225x300.jpg 225w, https:\/\/floranium.com\/de\/wp-content\/uploads\/2019\/11\/flrnMagicCone2-001-113x150.jpg 113w, https:\/\/floranium.com\/de\/wp-content\/uploads\/2019\/11\/flrnMagicCone2-001-600x800.jpg 600w, https:\/\/floranium.com\/de\/wp-content\/uploads\/2019\/11\/flrnMagicCone2-001.jpg 750w\" sizes=\"auto, (max-width: 225px) 100vw, 225px\" \/><\/a><\/p>\n<p><a href=\"https:\/\/floranium.com\/de\/wp-content\/uploads\/2019\/11\/flrnMagicCone2-002.jpg\" target=\"_blank\" rel=\"noopener noreferrer\"><img loading=\"lazy\" decoding=\"async\" class=\"alignright wp-image-610 size-medium\" src=\"https:\/\/floranium.com\/de\/wp-content\/uploads\/2019\/11\/flrnMagicCone2-002-225x300.jpg\" alt=\"\" width=\"225\" height=\"300\" srcset=\"https:\/\/floranium.com\/de\/wp-content\/uploads\/2019\/11\/flrnMagicCone2-002-225x300.jpg 225w, https:\/\/floranium.com\/de\/wp-content\/uploads\/2019\/11\/flrnMagicCone2-002-113x150.jpg 113w, https:\/\/floranium.com\/de\/wp-content\/uploads\/2019\/11\/flrnMagicCone2-002-600x800.jpg 600w, https:\/\/floranium.com\/de\/wp-content\/uploads\/2019\/11\/flrnMagicCone2-002.jpg 750w\" sizes=\"auto, (max-width: 225px) 100vw, 225px\" \/><\/a>leuchtet das\u00a0 Floranion MagicCone II besonders intensiv und durchdringend. Im D\u00e4mmerlicht oder bei Nacht entfaltet die Leuchte ihre volle\u00a0 Magie!<\/p>\n<p><strong>Zum Anschluss an den PC ist das Floranion Magic Cone II nicht geeignet. Daf\u00fcr empfehlen wir das <a href=\"https:\/\/floranium.com\/de\/produkt\/floranion-discovery\/\">Floranion Discovery<\/a>.<\/strong><\/p>\n<p>Ein Kunde hat uns geschrieben:<\/p>\n<blockquote>\n<p style=\"text-align: justify;\"><span class=\"\">Magic Cone II ist fast wie ein Publikumsmagnet. Dieses Objekt interessiert viele, vor allem die Farben. Was ich immer wieder gefragt werde: Was bedeuten die Farben? \u00a0 Meiner Meinung ist es der emotionale Ausdruck einer Pflanze. \u00a0 Peter S. <\/span><span class=\"\" style=\"font-family: ArialMT;\"><br \/>\n<\/span><\/p>\n<\/blockquote>\n<p>&nbsp;<\/p>\n<p><span style=\"font-size: 24pt;\">Was genau ist ein Floranion?<\/span><\/p>\n<p><span style=\"font-size: 18pt;\"><span style=\"font-size: 14pt;\">Ein Floranion ist ein Messinstrument \u00e4hnlich wie ein EKG (Elektrokardiogramm), EEG (<span class=\"ILfuVd\"><span class=\"e24Kjd\">Elektroenzephalograph<\/span><\/span>) oder GSR (Galvanic Skin Response Messger\u00e4t), jedoch zur Messung und Visualisierung von Spannungen und Impedanzen an Pflanzen anstatt am Menschen.<\/span> <\/span><\/p>\n<p><img loading=\"lazy\" decoding=\"async\" class=\"alignnone size-full wp-image-730\" src=\"https:\/\/floranium.com\/de\/wp-content\/uploads\/2019\/12\/flrnWorks01.jpg\" alt=\"\" width=\"1373\" height=\"854\" srcset=\"https:\/\/floranium.com\/de\/wp-content\/uploads\/2019\/12\/flrnWorks01.jpg 1373w, https:\/\/floranium.com\/de\/wp-content\/uploads\/2019\/12\/flrnWorks01-300x187.jpg 300w, https:\/\/floranium.com\/de\/wp-content\/uploads\/2019\/12\/flrnWorks01-1024x637.jpg 1024w, https:\/\/floranium.com\/de\/wp-content\/uploads\/2019\/12\/flrnWorks01-768x478.jpg 768w, https:\/\/floranium.com\/de\/wp-content\/uploads\/2019\/12\/flrnWorks01-150x93.jpg 150w, https:\/\/floranium.com\/de\/wp-content\/uploads\/2019\/12\/flrnWorks01-600x373.jpg 600w\" sizes=\"auto, (max-width: 1373px) 100vw, 1373px\" \/><\/p>\n<p>&nbsp;<\/p>\n<p style=\"text-align: justify;\"><span style=\"font-size: 18pt;\"><span style=\"font-size: 14pt;\">Damit lassen sich Pflanzen beobachten wie sie agieren und reagieren. Entweder intuitiv in Form eines Spiels aus farbigem Licht, oder als Messkurve auf dem Bildschirm eines Computers. <\/span><\/span><span style=\"font-size: 14pt;\">Ein Floranion ist quasi eine Art Pflanzen- EKG oder EEG.<\/span><\/p>\n<p><img loading=\"lazy\" decoding=\"async\" class=\"alignnone size-full wp-image-490\" src=\"https:\/\/floranium.com\/de\/wp-content\/uploads\/2019\/07\/FrontCover2s2.jpg\" alt=\"\" width=\"2000\" height=\"1785\" srcset=\"https:\/\/floranium.com\/de\/wp-content\/uploads\/2019\/07\/FrontCover2s2.jpg 2000w, https:\/\/floranium.com\/de\/wp-content\/uploads\/2019\/07\/FrontCover2s2-300x268.jpg 300w, https:\/\/floranium.com\/de\/wp-content\/uploads\/2019\/07\/FrontCover2s2-768x685.jpg 768w, https:\/\/floranium.com\/de\/wp-content\/uploads\/2019\/07\/FrontCover2s2-1024x914.jpg 1024w, https:\/\/floranium.com\/de\/wp-content\/uploads\/2019\/07\/FrontCover2s2-150x134.jpg 150w, https:\/\/floranium.com\/de\/wp-content\/uploads\/2019\/07\/FrontCover2s2-600x536.jpg 600w\" sizes=\"auto, (max-width: 2000px) 100vw, 2000px\" \/><\/p>\n<p style=\"text-align: left;\"><span style=\"font-size: 18pt;\">Das Floranium Projekt ist in der Zeitschrift ELEKTRONIK PRAXIS!<\/span><\/p>\n<p style=\"text-align: left;\">&#8222;<a href=\"https:\/\/www.elektronikpraxis.vogel.de\/floranium-visualisiert-das-geheime-leben-der-pflanzen-a-888128\/\">Floranium visualisiert das geheime Leben der Pflanzen<\/a>&#8222;:<\/p>\n<p style=\"text-align: left;\"><a href=\"https:\/\/www.elektronikpraxis.vogel.de\/floranium-visualisiert-das-geheime-leben-der-pflanzen-a-888128\/\" target=\"_blank\" rel=\"noopener noreferrer\"><img loading=\"lazy\" decoding=\"async\" class=\"alignnone wp-image-719 size-full\" src=\"https:\/\/floranium.com\/de\/wp-content\/uploads\/2019\/12\/ep-logo.png\" alt=\"\" width=\"334\" height=\"80\" srcset=\"https:\/\/floranium.com\/de\/wp-content\/uploads\/2019\/12\/ep-logo.png 334w, https:\/\/floranium.com\/de\/wp-content\/uploads\/2019\/12\/ep-logo-300x72.png 300w, https:\/\/floranium.com\/de\/wp-content\/uploads\/2019\/12\/ep-logo-150x36.png 150w\" sizes=\"auto, (max-width: 334px) 100vw, 334px\" \/><\/a><\/p>\n<p>&nbsp;<\/p>\n<p><span style=\"font-size: 24pt;\">Der Klassiker f\u00fcr alle, die etwas tiefer in die Signalwelt der Pflanzen einsteigen wollen: <\/span><\/p>\n<p><span style=\"font-size: 24pt;\">Das <strong>Floranion Discovery<\/strong> <\/span><\/p>\n<p style=\"text-align: justify;\"><span style=\"font-size: 14pt;\">Zus\u00e4tzlich zum Leucht-Farbspiel als Planzensignal-Indikator kann das Floranion Discovery \u00fcber USB an einen PC angeschlossen werden. Mithilfe eines Standard Terminal Programms k\u00f6nnen so Messdaten der Pflanze aufgezeichnet und visualisiert werden. <\/span><\/p>\n<p style=\"text-align: justify;\"><a href=\"https:\/\/floranium.com\/de\/produkt\/floranion-discovery\/\"><img loading=\"lazy\" decoding=\"async\" class=\"alignnone size-full wp-image-399\" src=\"https:\/\/floranium.com\/de\/wp-content\/uploads\/2018\/04\/flrnDiscovery007b.jpg\" alt=\"\" width=\"2188\" height=\"1053\" srcset=\"https:\/\/floranium.com\/de\/wp-content\/uploads\/2018\/04\/flrnDiscovery007b.jpg 2188w, https:\/\/floranium.com\/de\/wp-content\/uploads\/2018\/04\/flrnDiscovery007b-300x144.jpg 300w, https:\/\/floranium.com\/de\/wp-content\/uploads\/2018\/04\/flrnDiscovery007b-768x370.jpg 768w, https:\/\/floranium.com\/de\/wp-content\/uploads\/2018\/04\/flrnDiscovery007b-1024x493.jpg 1024w, https:\/\/floranium.com\/de\/wp-content\/uploads\/2018\/04\/flrnDiscovery007b-150x72.jpg 150w, https:\/\/floranium.com\/de\/wp-content\/uploads\/2018\/04\/flrnDiscovery007b-600x289.jpg 600w\" sizes=\"auto, (max-width: 2188px) 100vw, 2188px\" \/><\/a><\/p>\n<p style=\"text-align: justify;\">Das Floranion Discovery arbeitet mit einem leistungsf\u00e4higeren 32 Bit ARM Mikrocontroller und hat einen 16-Bit ADC. Damit ist die Mess-Aufl\u00f6sung des Signals einer Pflanze wesentlich h\u00f6her als die des Floranion MagicCone und die Messungen somit wesentlich genauer.<\/p>\n<p style=\"text-align: justify;\"><span style=\"font-size: 14pt;\">Zur Beobachtung von Signalen von Pflanzen mit einem Floranion ist es nicht notwendig, ein teures, aufwendiges Labor einzurichten. N\u00fctzlich jedoch ist es, die Pflanze in einen K\u00e4fig zur Abschirmung von St\u00f6rsignalen sperren. <\/span><\/p>\n<p style=\"text-align: justify;\"><span style=\"font-size: 14pt;\">\u00a0<\/span><\/p>\n<p>&nbsp;<\/p>\n<p><span style=\"font-size: 24pt;\">F\u00fcr Maker, Vision\u00e4re und Experimentierfreudige &#8211; Das <strong>Floranion Shield<\/strong><\/span><\/p>\n<p style=\"text-align: justify;\"><span style=\"font-size: 14pt;\">Wer seine eigenen Floranium Ideen hat und gerne bastelt und experimentiert, der kann sich sein Floranion nicht nur selber zusammen bauen, sondern auch alle m\u00f6glichen weiteren Ger\u00e4te anschlie\u00dfen, von einer Pflanze gesteuert werden k\u00f6nnte. Beispielsweise ein Musik Synthesizer, eine RGB Raumbeleuchtung, eine Motorsteuerung oder was auch immer. Auch ein TFT Display kann angeschlossen werden, mit dem das Signal der Pflanze direkt angezeigt werden kann. Die Software ist Open Source. Der Phantasie sind keine Grenzen gesetzt.<br \/>\n<\/span><\/p>\n<p><img loading=\"lazy\" decoding=\"async\" class=\"alignnone size-full wp-image-711\" src=\"https:\/\/floranium.com\/de\/wp-content\/uploads\/2019\/11\/flrnShieldSystem.jpg\" alt=\"\" width=\"1289\" height=\"824\" srcset=\"https:\/\/floranium.com\/de\/wp-content\/uploads\/2019\/11\/flrnShieldSystem.jpg 1289w, https:\/\/floranium.com\/de\/wp-content\/uploads\/2019\/11\/flrnShieldSystem-300x192.jpg 300w, https:\/\/floranium.com\/de\/wp-content\/uploads\/2019\/11\/flrnShieldSystem-1024x655.jpg 1024w, https:\/\/floranium.com\/de\/wp-content\/uploads\/2019\/11\/flrnShieldSystem-768x491.jpg 768w, https:\/\/floranium.com\/de\/wp-content\/uploads\/2019\/11\/flrnShieldSystem-150x96.jpg 150w, https:\/\/floranium.com\/de\/wp-content\/uploads\/2019\/11\/flrnShieldSystem-600x384.jpg 600w\" sizes=\"auto, (max-width: 1289px) 100vw, 1289px\" \/><\/p>\n<p><a href=\"https:\/\/www.elektormagazine.de\/magazine\/elektor-201805\/41506\"><img loading=\"lazy\" decoding=\"async\" class=\"alignnone wp-image-435 size-full\" src=\"https:\/\/floranium.com\/de\/wp-content\/uploads\/2018\/04\/ElektorLogo.gif\" alt=\"\" width=\"211\" height=\"70\" \/><\/a><\/p>\n<p>Das Floranium Projekt wurde vorgestellt im <a href=\"https:\/\/www.elektormagazine.de\/magazine\/elektor-201805\/41506\">Elektor Magazin 5\/2018<\/a><\/p>\n<p><strong>Zum Experimentieren mit dem Floranion Shield sollten unbedingt Grundkenntnisse der C\/C++ Programmierung und Elektronik vorhanden sein!<\/strong><\/p>\n<p>&nbsp;<\/p>\n<p><img loading=\"lazy\" decoding=\"async\" class=\"alignnone size-full wp-image-464\" src=\"https:\/\/floranium.com\/de\/wp-content\/uploads\/2018\/03\/floranionShieldElektor.jpg\" alt=\"\" width=\"985\" height=\"908\" srcset=\"https:\/\/floranium.com\/de\/wp-content\/uploads\/2018\/03\/floranionShieldElektor.jpg 985w, https:\/\/floranium.com\/de\/wp-content\/uploads\/2018\/03\/floranionShieldElektor-300x277.jpg 300w, https:\/\/floranium.com\/de\/wp-content\/uploads\/2018\/03\/floranionShieldElektor-768x708.jpg 768w, https:\/\/floranium.com\/de\/wp-content\/uploads\/2018\/03\/floranionShieldElektor-150x138.jpg 150w, https:\/\/floranium.com\/de\/wp-content\/uploads\/2018\/03\/floranionShieldElektor-600x553.jpg 600w\" sizes=\"auto, (max-width: 985px) 100vw, 985px\" \/><\/p>\n<h3><\/h3>\n<h3><\/h3>\n<h3>Wer keine Zeit zum bastelt hat: <strong>Floranium Scientific<\/strong><\/h3>\n<p style=\"text-align: justify;\"><span style=\"font-size: 14pt;\">Das Floranion Scientific besteht aus einem Floranion Shield mit FRDM KL25Z Entwicklungsboard, TFT Display und SD Karten Schacht im 3D gedruckten Geh\u00e4use. Funktionsfertig Aufgebaut und bereit zum loslegen. Messdaten k\u00f6nnen direkt auf SD Karte gespeichert- (Datenlogger) oder auch \u00fcber USB auf einen PC \u00fcbertragen werden. \u00dcber einen DAC Ausgang k\u00f6nnen weitere Ger\u00e4te angeschlossen werden, wie beispielsweise ein analoger Kennlinienschreiber oder ein Musik Synthesizer mit VCO (Voltage Controlled Oscillator). Die Firmware ist Open Source und auf ARM mbed verf\u00fcgbar:<\/span><\/p>\n<h3><a href=\"https:\/\/floranium.com\/de\/produkt\/floranion-scientific\/\"><img loading=\"lazy\" decoding=\"async\" class=\"alignnone size-full wp-image-465\" src=\"https:\/\/floranium.com\/de\/wp-content\/uploads\/2018\/03\/FrontCoverSci.jpg\" alt=\"\" width=\"1800\" height=\"1607\" srcset=\"https:\/\/floranium.com\/de\/wp-content\/uploads\/2018\/03\/FrontCoverSci.jpg 1800w, https:\/\/floranium.com\/de\/wp-content\/uploads\/2018\/03\/FrontCoverSci-300x268.jpg 300w, https:\/\/floranium.com\/de\/wp-content\/uploads\/2018\/03\/FrontCoverSci-768x686.jpg 768w, https:\/\/floranium.com\/de\/wp-content\/uploads\/2018\/03\/FrontCoverSci-1024x914.jpg 1024w, https:\/\/floranium.com\/de\/wp-content\/uploads\/2018\/03\/FrontCoverSci-150x134.jpg 150w, https:\/\/floranium.com\/de\/wp-content\/uploads\/2018\/03\/FrontCoverSci-600x536.jpg 600w\" sizes=\"auto, (max-width: 1800px) 100vw, 1800px\" \/><\/a><\/h3>\n<p><a href=\"https:\/\/os.mbed.com\/users\/lasmahei\/code\/floranionSciShield\/\" target=\"_blank\" rel=\"noopener noreferrer\">https:\/\/os.mbed.com\/users\/lasmahei\/code\/floranionSciShield\/<\/a><\/p>\n<p>&nbsp;<\/p>\n<p style=\"text-align: justify;\"><span style=\"font-size: 18pt;\">Es ist kaum glauben, wie aktiv eine Zimmerpflanze sein kann. Nat\u00fcrlich kann ein Floranium auch an einem Pfl\u00e4nzchen im Garten angeschlossen werden. Oder an die Tomaten im Gew\u00e4chshaus.<\/span><\/p>\n<p><a href=\"https:\/\/floranium.com\/de\/produkt\/floranion-discovery\/\"><img loading=\"lazy\" decoding=\"async\" class=\"wp-image-418 alignright\" src=\"https:\/\/floranium.com\/de\/wp-content\/uploads\/2018\/04\/flrnDiscovery003s.jpg\" alt=\"\" width=\"535\" height=\"691\" srcset=\"https:\/\/floranium.com\/de\/wp-content\/uploads\/2018\/04\/flrnDiscovery003s.jpg 1550w, https:\/\/floranium.com\/de\/wp-content\/uploads\/2018\/04\/flrnDiscovery003s-233x300.jpg 233w, https:\/\/floranium.com\/de\/wp-content\/uploads\/2018\/04\/flrnDiscovery003s-768x991.jpg 768w, https:\/\/floranium.com\/de\/wp-content\/uploads\/2018\/04\/flrnDiscovery003s-794x1024.jpg 794w, https:\/\/floranium.com\/de\/wp-content\/uploads\/2018\/04\/flrnDiscovery003s-116x150.jpg 116w, https:\/\/floranium.com\/de\/wp-content\/uploads\/2018\/04\/flrnDiscovery003s-600x774.jpg 600w\" sizes=\"auto, (max-width: 535px) 100vw, 535px\" \/><\/a><\/p>\n<h3><\/h3>\n<p><a href=\"https:\/\/floranium.com\/de\/produkt\/floranion-discovery\/\"><img loading=\"lazy\" decoding=\"async\" class=\"wp-image-397 alignleft\" src=\"https:\/\/floranium.com\/de\/wp-content\/uploads\/2018\/04\/flrnDiscovery004s.jpg\" alt=\"\" width=\"483\" height=\"690\" srcset=\"https:\/\/floranium.com\/de\/wp-content\/uploads\/2018\/04\/flrnDiscovery004s.jpg 1400w, https:\/\/floranium.com\/de\/wp-content\/uploads\/2018\/04\/flrnDiscovery004s-210x300.jpg 210w, https:\/\/floranium.com\/de\/wp-content\/uploads\/2018\/04\/flrnDiscovery004s-768x1097.jpg 768w, https:\/\/floranium.com\/de\/wp-content\/uploads\/2018\/04\/flrnDiscovery004s-717x1024.jpg 717w, https:\/\/floranium.com\/de\/wp-content\/uploads\/2018\/04\/flrnDiscovery004s-105x150.jpg 105w, https:\/\/floranium.com\/de\/wp-content\/uploads\/2018\/04\/flrnDiscovery004s-600x857.jpg 600w\" sizes=\"auto, (max-width: 483px) 100vw, 483px\" \/><\/a><\/p>\n<p style=\"text-align: justify;\"><span style=\"font-size: 18pt;\">\u00a0<\/span><\/p>\n<p>&nbsp;<\/p>\n<p>&nbsp;<\/p>\n<p>&nbsp;<\/p>\n<p>&nbsp;<\/p>\n<p>&nbsp;<\/p>\n<p>&nbsp;<\/p>\n<p>&nbsp;<\/p>\n<p>&nbsp;<\/p>\n<p>&nbsp;<\/p>\n<p>&nbsp;<\/p>\n<p>&nbsp;<\/p>\n<p>&nbsp;<\/p>\n<p>&nbsp;<\/p>\n<p>&nbsp;<\/p>\n<p style=\"text-align: justify;\"><span style=\"font-size: 18pt;\">Ob Zimmerpflanzen, Tomaten, Salat, das Gras im Garten oder die Kr\u00e4uter am K\u00fcchenfenster&#8230; eines ist sicher: Mit einem Floranion Pflanzen beobachten ist mega spannend und macht eine ganze Menge Spa\u00df! <\/span><\/p>\n<p style=\"text-align: center;\"><span style=\"font-size: 18pt;\"><a href=\"https:\/\/floranium.com\/de\/shop\/\"><span style=\"font-size: 24pt;\">Probiers aus!<\/span><\/a><br \/>\n<\/span><\/p>\n<p><a href=\"https:\/\/floranium.com\/de\/shop\/\"><img loading=\"lazy\" decoding=\"async\" class=\" wp-image-29 aligncenter\" src=\"https:\/\/floranium.com\/de\/wp-content\/uploads\/2016\/01\/leaf2.png\" alt=\"\" width=\"222\" height=\"222\" srcset=\"https:\/\/floranium.com\/de\/wp-content\/uploads\/2016\/01\/leaf2.png 800w, https:\/\/floranium.com\/de\/wp-content\/uploads\/2016\/01\/leaf2-300x300.png 300w, https:\/\/floranium.com\/de\/wp-content\/uploads\/2016\/01\/leaf2-100x100.png 100w, https:\/\/floranium.com\/de\/wp-content\/uploads\/2016\/01\/leaf2-600x600.png 600w, https:\/\/floranium.com\/de\/wp-content\/uploads\/2016\/01\/leaf2-150x150.png 150w, https:\/\/floranium.com\/de\/wp-content\/uploads\/2016\/01\/leaf2-768x768.png 768w, https:\/\/floranium.com\/de\/wp-content\/uploads\/2016\/01\/leaf2-500x500.png 500w, https:\/\/floranium.com\/de\/wp-content\/uploads\/2016\/01\/leaf2-31x31.png 31w, https:\/\/floranium.com\/de\/wp-content\/uploads\/2016\/01\/leaf2-38x38.png 38w, https:\/\/floranium.com\/de\/wp-content\/uploads\/2016\/01\/leaf2-215x215.png 215w\" sizes=\"auto, (max-width: 222px) 100vw, 222px\" \/><\/a><\/p>\n<p><iframe loading=\"lazy\" title=\"Floranium Light Experiment Part 1\" width=\"570\" height=\"321\" src=\"https:\/\/www.youtube.com\/embed\/iUyuw0uAdSw?feature=oembed\" frameborder=\"0\" allow=\"accelerometer; autoplay; clipboard-write; encrypted-media; gyroscope; picture-in-picture; web-share\" referrerpolicy=\"strict-origin-when-cross-origin\" allowfullscreen><\/iframe><\/p>\n<p>&nbsp;<\/p>\n","protected":false},"excerpt":{"rendered":"<p>Herzlich Willkommen auf der Floranium Webseite! Pflanzen sind Lebewesen: Sie haben einen Stoffwechsel, passen sich ihrer Umgebung an, entwickeln Abwehrmechanismen gegen Feinde und Krankheiten und reagieren auf vielf\u00e4ltige Einfl\u00fcsse. Mit blo\u00dfem Auge sind diese Prozesse jedoch kaum erkennbar. Floranions\u00a0(eine Wortsch\u00f6pfung aus\u00a0\u201eFlora\u201c\u00a0und\u00a0\u201eIonen\u201c) \u2013 sind Mess-Instrumente mit denen sich die Signale von\u2026<\/p>\n<p> <a class=\"continue-reading-link\" href=\"https:\/\/floranium.com\/de\/\"><span>Continue reading<\/span><i class=\"crycon-right-dir\"><\/i><\/a> <\/p>\n","protected":false},"author":1,"featured_media":0,"parent":0,"menu_order":0,"comment_status":"closed","ping_status":"closed","template":"","meta":{"footnotes":""},"class_list":["post-25","page","type-page","status-publish","hentry"],"_links":{"self":[{"href":"https:\/\/floranium.com\/de\/wp-json\/wp\/v2\/pages\/25","targetHints":{"allow":["GET"]}}],"collection":[{"href":"https:\/\/floranium.com\/de\/wp-json\/wp\/v2\/pages"}],"about":[{"href":"https:\/\/floranium.com\/de\/wp-json\/wp\/v2\/types\/page"}],"author":[{"embeddable":true,"href":"https:\/\/floranium.com\/de\/wp-json\/wp\/v2\/users\/1"}],"replies":[{"embeddable":true,"href":"https:\/\/floranium.com\/de\/wp-json\/wp\/v2\/comments?post=25"}],"version-history":[{"count":270,"href":"https:\/\/floranium.com\/de\/wp-json\/wp\/v2\/pages\/25\/revisions"}],"predecessor-version":[{"id":962,"href":"https:\/\/floranium.com\/de\/wp-json\/wp\/v2\/pages\/25\/revisions\/962"}],"wp:attachment":[{"href":"https:\/\/floranium.com\/de\/wp-json\/wp\/v2\/media?parent=25"}],"curies":[{"name":"wp","href":"https:\/\/api.w.org\/{rel}","templated":true}]}}