{"id":35,"date":"2016-01-24T17:02:48","date_gmt":"2016-01-24T16:02:48","guid":{"rendered":"http:\/\/floranium.com\/de\/?page_id=35"},"modified":"2020-01-15T12:51:32","modified_gmt":"2020-01-15T11:51:32","slug":"vision","status":"publish","type":"page","link":"https:\/\/floranium.com\/de\/vision\/","title":{"rendered":"Vision"},"content":{"rendered":"<p style=\"text-align: justify;\"><span style=\"font-size: 14pt;\">Pflanzen sind Lebewesen voller Geheimnisse. Sie sind ausgestattet mit den empfindlichsten Sensoren und reagieren nicht nur auf Licht, Temperatur oder Feuchte, sondern auch wenn sie sich bedroht f\u00fchlen oder Freude empfinden. \u00c4hnlich wie beim Menschen, ver\u00e4ndert sich der Hautwiderstand der Pflanze je nach Stimmung oder Zustand. Auch lassen sich elektrische Signale messen (Ionenaustausch), wenn beispielsweise Bl\u00fcten oder Bl\u00e4tter mit dem Wurzelsystem kommunizieren. \u00c4hnliche Ph\u00e4nomene wie bei Tieren, die schon Tage vor einer Naturkatastrophe unruhig werden, k\u00f6nnen auch bei Pflanzen beobachtet werden.<\/span><\/p>\n<p><img loading=\"lazy\" decoding=\"async\" class=\"alignnone size-full wp-image-12\" src=\"http:\/\/floranium.com\/de\/wp-content\/uploads\/2014\/06\/bk002.jpg\" alt=\"bk002\" width=\"2034\" height=\"1280\" srcset=\"https:\/\/floranium.com\/de\/wp-content\/uploads\/2014\/06\/bk002.jpg 2034w, https:\/\/floranium.com\/de\/wp-content\/uploads\/2014\/06\/bk002-600x378.jpg 600w, https:\/\/floranium.com\/de\/wp-content\/uploads\/2014\/06\/bk002-300x189.jpg 300w, https:\/\/floranium.com\/de\/wp-content\/uploads\/2014\/06\/bk002-768x483.jpg 768w, https:\/\/floranium.com\/de\/wp-content\/uploads\/2014\/06\/bk002-1024x644.jpg 1024w, https:\/\/floranium.com\/de\/wp-content\/uploads\/2014\/06\/bk002-31x20.jpg 31w, https:\/\/floranium.com\/de\/wp-content\/uploads\/2014\/06\/bk002-38x24.jpg 38w, https:\/\/floranium.com\/de\/wp-content\/uploads\/2014\/06\/bk002-342x215.jpg 342w, https:\/\/floranium.com\/de\/wp-content\/uploads\/2014\/06\/bk002-238x150.jpg 238w, https:\/\/floranium.com\/de\/wp-content\/uploads\/2014\/06\/bk002-150x94.jpg 150w\" sizes=\"auto, (max-width: 2034px) 100vw, 2034px\" \/><\/p>\n<p style=\"text-align: justify;\"><span style=\"font-size: 14pt;\">Der Direktor des Max-Planck-Institutes f\u00fcr Chemische \u00d6kologie in Jena, Ian Baldwin, sagte nach seinem Vortrag in Washington: &#8222;Wir haben schon eine Menge Erfahrung damit, Pflanzen zum Senden von Signalen zu bringen. Dar\u00fcber, wie sie Signale aus der Umgebung empfangen, wissen wir noch sehr wenig.&#8220;<\/span><\/p>\n<h3>Wenn wir eines Tages in der Lage sind, diese Signale zu deuten&#8230;<\/h3>\n<p>&nbsp;<\/p>\n<p style=\"text-align: justify;\"><span style=\"font-size: 14pt;\">&#8230; k\u00f6nnten wir eines der m\u00e4chtigsten Bio-Signal Netzwerke der Welt dazu nutzen, unseren Planeten besser zu verstehen. Und das sogar vorausschauend! Signale von Pflanzen k\u00f6nnten uns vor Umweltkatastrophen warnen oder Waldbr\u00e4nde schon im fr\u00fchen Stadium erkennen. Auch die Zimmerpflanze als Wachhund w\u00e4re denkbar, die Alarm gibt, wenn irgend etwas ungew\u00f6hnliches passiert im Haus. Die M\u00f6glichkeiten sind unbegrenzt!<\/span><\/p>\n<p><img loading=\"lazy\" decoding=\"async\" class=\"alignnone size-full wp-image-687\" src=\"https:\/\/floranium.com\/de\/wp-content\/uploads\/2019\/11\/zukunftVision.jpg\" alt=\"\" width=\"1587\" height=\"1115\" srcset=\"https:\/\/floranium.com\/de\/wp-content\/uploads\/2019\/11\/zukunftVision.jpg 1587w, https:\/\/floranium.com\/de\/wp-content\/uploads\/2019\/11\/zukunftVision-300x211.jpg 300w, https:\/\/floranium.com\/de\/wp-content\/uploads\/2019\/11\/zukunftVision-1024x719.jpg 1024w, https:\/\/floranium.com\/de\/wp-content\/uploads\/2019\/11\/zukunftVision-768x540.jpg 768w, https:\/\/floranium.com\/de\/wp-content\/uploads\/2019\/11\/zukunftVision-1536x1079.jpg 1536w, https:\/\/floranium.com\/de\/wp-content\/uploads\/2019\/11\/zukunftVision-150x105.jpg 150w, https:\/\/floranium.com\/de\/wp-content\/uploads\/2019\/11\/zukunftVision-600x422.jpg 600w\" sizes=\"auto, (max-width: 1587px) 100vw, 1587px\" \/><\/p>\n<p>&nbsp;<\/p>\n","protected":false},"excerpt":{"rendered":"<p>Pflanzen sind Lebewesen voller Geheimnisse. Sie sind ausgestattet mit den empfindlichsten Sensoren und reagieren nicht nur auf Licht, Temperatur oder Feuchte, sondern auch wenn sie sich bedroht f\u00fchlen oder Freude empfinden. \u00c4hnlich wie beim Menschen, ver\u00e4ndert sich der Hautwiderstand der Pflanze je nach Stimmung oder Zustand. Auch lassen sich elektrische\u2026<\/p>\n<p> <a class=\"continue-reading-link\" href=\"https:\/\/floranium.com\/de\/vision\/\"><span>Continue reading<\/span><i class=\"crycon-right-dir\"><\/i><\/a> <\/p>\n","protected":false},"author":1,"featured_media":0,"parent":0,"menu_order":0,"comment_status":"closed","ping_status":"closed","template":"","meta":{"footnotes":""},"class_list":["post-35","page","type-page","status-publish","hentry"],"_links":{"self":[{"href":"https:\/\/floranium.com\/de\/wp-json\/wp\/v2\/pages\/35","targetHints":{"allow":["GET"]}}],"collection":[{"href":"https:\/\/floranium.com\/de\/wp-json\/wp\/v2\/pages"}],"about":[{"href":"https:\/\/floranium.com\/de\/wp-json\/wp\/v2\/types\/page"}],"author":[{"embeddable":true,"href":"https:\/\/floranium.com\/de\/wp-json\/wp\/v2\/users\/1"}],"replies":[{"embeddable":true,"href":"https:\/\/floranium.com\/de\/wp-json\/wp\/v2\/comments?post=35"}],"version-history":[{"count":15,"href":"https:\/\/floranium.com\/de\/wp-json\/wp\/v2\/pages\/35\/revisions"}],"predecessor-version":[{"id":758,"href":"https:\/\/floranium.com\/de\/wp-json\/wp\/v2\/pages\/35\/revisions\/758"}],"wp:attachment":[{"href":"https:\/\/floranium.com\/de\/wp-json\/wp\/v2\/media?parent=35"}],"curies":[{"name":"wp","href":"https:\/\/api.w.org\/{rel}","templated":true}]}}