{"id":355,"date":"2018-03-20T21:22:04","date_gmt":"2018-03-20T20:22:04","guid":{"rendered":"http:\/\/floranium.com\/de\/agb\/"},"modified":"2018-04-14T16:25:39","modified_gmt":"2018-04-14T14:25:39","slug":"agb","status":"publish","type":"page","link":"https:\/\/floranium.com\/de\/agb\/","title":{"rendered":"AGBs"},"content":{"rendered":"<p align=\"center\"><span style=\"font-size: large;\">Allgemeine Gesch\u00e4ftsbedingungen <\/span><\/p>\n<p align=\"justify\"><strong>Allgemeines<br \/>\n<\/strong>(1) F\u00fcr alle Lieferungen und sonstigen Leistungen gelten ausschlie\u00dflich die nachstehenden Verkaufs- und Lieferbedingungen.<br \/>\n(2) Abweichende Bedingungen des Bestellers, die Light Art Vision nicht ausdr\u00fccklich anerkennt, sind unverbindlich, auch wenn Light Art Vision ihnen nicht ausdr\u00fccklich widerspricht.<br \/>\n(3) Erf\u00fcllungsort f\u00fcr alle sich mittelbar oder unmittelbar aus diesem Vertragsverh\u00e4ltnis ergebenden Verpflichtungen, einschlie\u00dflich der Zahlungspflicht, ist Sonnenb\u00fchl.<br \/>\n(4) Gerichtsstand ist der f\u00fcr den Firmensitz von Light Art Vision zust\u00e4ndige Gerichtsort, soweit der K\u00e4ufer Kaufmann ist. Light Art Vision ist auch berechtigt, vor einem Gericht zu klagen, welches f\u00fcr den Sitz oder eine Niederlassung des Bestellers zust\u00e4ndig ist.<\/p>\n<p><strong>\u00a7 2 Angebote, Leistungsumfang und Vertragsabschluss<\/strong><br \/>\n(1) Vertragsangebote von Light Art Vision\u00a0 sind freibleibend (verbindlich bis 30\u00a0Tage nach Zugang des Angebotes).<br \/>\n(2) F\u00fcr den Umfang der vertraglich geschuldeten Leistung ist ausschlie\u00dflich die Auftragsbest\u00e4tigung von Light Art Vision ma\u00dfgebend.<br \/>\n(3) Teillieferungen sind zul\u00e4ssig.<\/p>\n<p><strong>\u00a7 3 Preise und Zahlungsbedingungen<\/strong><br \/>\n(1) Die Preise gelten ab Werk inkl. Mehrwertsteuer ohne Kosten f\u00fcr Verpackung und Versand. Die Verpackung wird zu Selbstkosten berechnet und nur zur\u00fcckgenommen, wenn der Verk\u00e4ufer kraft zwingender gesetzlicher Regelung hierzu verpflichtet ist.<br \/>\n(2) Light Art Vision beh\u00e4lt sich das Recht vor, Bestellungen zu stornieren und Artikel nicht auszuliefern, wenn Irrt\u00fcmer\u00a0oder technisch bedingte Preisfehler vorliegen. Angebote gelten nur solange der Vorrat reicht.<br \/>\n(3) Liegen zwischen Vertragsschluss und Auslieferung mehr als 4\u00a0Monate, ohne dass eine Lieferverz\u00f6gerung von Light Art Vision von diesem zu vertreten ist, kann Light Art Vision den Preis unter Ber\u00fccksichtigung eingetretener Material-, Lohn- und sonstiger Nebenkosten, die von\u00a0Light Art Vision zu tragen sind, angemessen erh\u00f6hen. Erh\u00f6ht sich der Kaufpreis um mehr als 40%, ist der Besteller berechtigt, vom Vertrag zur\u00fcckzutreten.<br \/>\n(4) Ber\u00fccksichtigt Light Art Vision \u00c4nderungsw\u00fcnsche des Bestellers, so werden hierdurch entstehende Mehrkosten dem Besteller in Rechnung gestellt.<br \/>\n(5) Alle Lieferungen sind zahlbar ausschlie\u00dflich an Light Art Vision 14\u00a0Tagen nach Rechnungsdatum ohne jeden Abzug.<br \/>\n(6) Bei schuldhafter \u00dcberschreitung der Zahlungsfrist werden unter Vorbehalt der Geltendmachung weitergehender Anspr\u00fcche Zinsen in H\u00f6he von 5% \u00fcber dem jeweiligen Basiszinssatz verlangt.<br \/>\n(7) Der Besteller verpflichtet sich, alle von\u00a0 getroffenen Preisfestsetzungen f\u00fcr Light Art Vision Erzeugnisse einzuhalten.<\/p>\n<p><strong>\u00a7 4 Aufrechnung und Zur\u00fcckhaltung<\/strong><br \/>\nAufrechnung und Zur\u00fcckhaltung sind ausgeschlossen, es sei denn, dass die Aufrechnungsforderung unbestritten oder rechtskr\u00e4ftig festgestellt ist.<\/p>\n<p><strong>\u00a7 5 Lieferfrist<\/strong><br \/>\nDie Angabe eines Lieferzeitpunktes erfolgt nach bestem Ermessen und verl\u00e4ngert sich angemessen, wenn der Besteller seinerseits erforderliche oder vereinbarte Mitwirkungshandlungen verz\u00f6gert oder unterl\u00e4sst. Das Gleiche gilt bei Ma\u00dfnahmen im Rahmen von Arbeitsk\u00e4mpfen, insbesondere Streik und Aussperrung sowie beim Eintritt unvorhergesehener Hindernisse, die au\u00dferhalb des Willens von Light Art Vision liegen, z.\u00a0B. Lieferverz\u00f6gerung eines Vorlieferanten, Verkehrs- und Betriebsst\u00f6rungen, Werkstoff- oder Energiemangel\u00a0etc. Auch vom Besteller veranlasste \u00c4nderungen der gelieferten Waren f\u00fchren zu einer angemessenen Verl\u00e4ngerung der Lieferfrist.<\/p>\n<p><strong>\u00a7 6 Gefahr\u00fcbergang<\/strong><br \/>\n(1) Die Gefahr des Untergangs, der Besch\u00e4digung oder der Verschlechterung der Ware geht auf den Besteller \u00fcber, sobald Light Art Vision die Ware in ordnungsgem\u00e4\u00dfem Zustand abgesandt und einem Transportunternehmen \u00fcbergeben hat und dies dem Besteller anzeigt.<br \/>\n(2) Ersatz f\u00fcr verloren gegangene oder auf dem Transport besch\u00e4digte Sendungen wird durch Light Art Vision nicht geleistet. Der Besteller muss daher zur Wahrung seiner Belange innerhalb der vom Transportunternehmen vorgegebenen Fristen bei diesem den Schadensfall anmelden.<\/p>\n<p><strong>\u00a7 7 Eigentumsvorbehalt<\/strong><br \/>\n(1) Light Art Vision beh\u00e4lt sich das Eigentum an den gelieferten Waren bis zur vollst\u00e4ndigen Bezahlung vor. Der Eigentumsvorbehalt gilt auch, bis s\u00e4mtliche, auch k\u00fcnftige und bedingte Forderungen aus der Gesch\u00e4ftsverbindung, zwischen Besteller und Light Art Vision erf\u00fcllt sind.<br \/>\n(2) Der K\u00e4ufer ist zur Sicherungs\u00fcbereignung oder Verpf\u00e4ndung der Ware nicht befugt, jedoch zur weiteren Ver\u00e4u\u00dferung der Vorbehaltsware im geordneten Gesch\u00e4ftsgang berechtigt. Die hieraus gegen\u00fcber seinen Gesch\u00e4ftspartnern entstehenden Forderungen tritt er hiermit dem Verk\u00e4ufer bereits ab.<\/p>\n<p><strong>\u00a7 8 Gew\u00e4hrleistung<\/strong><br \/>\n(1) Ist der Kauf f\u00fcr beide Teile ein Handelsgesch\u00e4ft, so hat der Besteller die Ware unverz\u00fcglich nach Erhalt, soweit dies nach ordnungsgem\u00e4\u00dfem Gesch\u00e4ftsgang tunlich ist, zu untersuchen, und, wenn sich ein Mangel zeigt, Light Art Vision unverz\u00fcglich Anzeige zu machen.<br \/>\nUnterl\u00e4sst der Besteller diese Anzeige, so gilt die Ware als genehmigt, es sei denn, dass es sich um einen Mangel handelt, der bei der Untersuchung nicht erkennbar war. Im \u00dcbrigen gelten die \u00a7\u00a7\u00a0377\u00a0ff.\u00a0HGB.<br \/>\n(2) Die Gew\u00e4hrleistungsanspr\u00fcche sind nach Wahl von Light Art Vision auf Nachbesserung oder Ersatzlieferung beschr\u00e4nkt. Bei Fehlschlagen der Nachbesserung oder Ersatzlieferung hat der Besteller das Recht, nach seiner Wahl Herabsetzung der Verg\u00fctung oder R\u00fcckg\u00e4ngigmachung des Vertrages zu verlangen.<br \/>\n(3) Weitergehende Anspr\u00fcche des Bestellers, insbesondere wegen Mangelfolgesch\u00e4den, soweit diese nicht aus dem Fehlen zugesicherter Eigenschaften resultieren, sind ausgeschlossen. Dies gilt nicht bei Vorsatz.<\/p>\n<p><strong>\u00a7 9 Haftung<\/strong><br \/>\nSchadensersatzanspr\u00fcche des Bestellers sind ausgeschlossen. Dies gilt nicht bei Vorsatz oder des Fehlens schriftlich zugesicherter Eigenschaften.<\/p>\n<p><strong>\u00a7 10 Widerrufsrecht<\/strong><br \/>\n(1) Der Besteller kann seine Vertragserkl\u00e4rung innerhalb von zwei Wochen ohne Angabe von Gr\u00fcnden in Textform (z.\u00a0B. Brief, Fax, E-Mail) oder durch R\u00fccksendung der Sache widerrufen. Die Frist beginnt fr\u00fchestens mit Erhalt dieser Belehrung. Zur Wahrung der Widerrufsfrist gen\u00fcgt die rechtzeitige Absendung des Widerrufs oder der Sache. Der Widerruf ist zu richten an:<br \/>\nLight Art Vision, Bei der Hardtlinde 7, 72820 Sonnenb\u00fchl. Fax +49 (0) 7128 3803056, E-Mail: info@lightartvision.de<br \/>\n(2) Ein Widerrufsrecht besteht grunds\u00e4tzlich nicht bei Disketten, CD-ROMs, DVD-ROMs, sofern die gelieferten Datentr\u00e4ger vom Verbraucher entsiegelt worden sind; ferner nicht bei Leistungen, die online (z.\u00a0B. Artikel- und Heft-Download) \u00fcbermittelt worden sind.<br \/>\n(3) Im Falle eines wirksamen Widerrufs sind die beiderseits empfangenen Leistungen zur\u00fcck zu gew\u00e4hren. Kann der Besteller die empfangene Leistung ganz oder teilweise nicht oder nur im verschlechterten Zustand zur\u00fcck gew\u00e4hren, muss er Light Art Vision insoweit gegebenenfalls Wertersatz leisten. Bei der \u00dcberlassung von Sachen gilt dies nicht, wenn die Verschlechterung der Sache ausschlie\u00dflich auf deren Pr\u00fcfung \u2013 wie sie dem Besteller etwa im Ladengesch\u00e4ft m\u00f6glich gewesen w\u00e4re \u2013 zur\u00fcckzuf\u00fchren ist. Im \u00dcbrigen kann der Besteller die Wertersatzpflicht vermeiden, indem er die Sache nicht wie ein Eigent\u00fcmer in Gebrauch nimmt und alles unterl\u00e4sst, was deren Wert beeintr\u00e4chtigt. Bei einer R\u00fccksendung aus einer Warenlieferung hat der Besteller die Kosten der R\u00fccksendung zu tragen, wenn die gelieferte Ware der bestellten entspricht. Anderenfalls ist die R\u00fccksendung f\u00fcr den Besteller kostenfrei. Die Mehrkosten f\u00fcr unfreie R\u00fccksendungen \u00fcbernimmt der Besteller.<\/p>\n<div class=\"woocommerce woocommerce-gzd woocommerce-gzd-complaints-shortcode\">\n\t\t\t<h3>Alternative Streitbeilegung gem\u00e4\u00df Art. 14 Abs. 1 ODR-VO und \u00a7 36 VSBG:<\/h3>\n\t\nZur Teilnahme an einem Streitbeilegungsverfahren vor einer Verbraucherschlichtungsstelle sind wir nicht verpflichtet und nicht bereit.<\/div>\n","protected":false},"excerpt":{"rendered":"<p>Allgemeine Gesch\u00e4ftsbedingungen Allgemeines (1) F\u00fcr alle Lieferungen und sonstigen Leistungen gelten ausschlie\u00dflich die nachstehenden Verkaufs- und Lieferbedingungen. (2) Abweichende Bedingungen des Bestellers, die Light Art Vision nicht ausdr\u00fccklich anerkennt, sind unverbindlich, auch wenn Light Art Vision ihnen nicht ausdr\u00fccklich widerspricht. (3) Erf\u00fcllungsort f\u00fcr alle sich mittelbar oder unmittelbar aus diesem\u2026<\/p>\n<p> <a class=\"continue-reading-link\" href=\"https:\/\/floranium.com\/de\/agb\/\"><span>Continue reading<\/span><i class=\"crycon-right-dir\"><\/i><\/a> <\/p>\n","protected":false},"author":1,"featured_media":0,"parent":0,"menu_order":0,"comment_status":"closed","ping_status":"closed","template":"","meta":{"footnotes":""},"class_list":["post-355","page","type-page","status-publish","hentry"],"_links":{"self":[{"href":"https:\/\/floranium.com\/de\/wp-json\/wp\/v2\/pages\/355","targetHints":{"allow":["GET"]}}],"collection":[{"href":"https:\/\/floranium.com\/de\/wp-json\/wp\/v2\/pages"}],"about":[{"href":"https:\/\/floranium.com\/de\/wp-json\/wp\/v2\/types\/page"}],"author":[{"embeddable":true,"href":"https:\/\/floranium.com\/de\/wp-json\/wp\/v2\/users\/1"}],"replies":[{"embeddable":true,"href":"https:\/\/floranium.com\/de\/wp-json\/wp\/v2\/comments?post=355"}],"version-history":[{"count":4,"href":"https:\/\/floranium.com\/de\/wp-json\/wp\/v2\/pages\/355\/revisions"}],"predecessor-version":[{"id":414,"href":"https:\/\/floranium.com\/de\/wp-json\/wp\/v2\/pages\/355\/revisions\/414"}],"wp:attachment":[{"href":"https:\/\/floranium.com\/de\/wp-json\/wp\/v2\/media?parent=355"}],"curies":[{"name":"wp","href":"https:\/\/api.w.org\/{rel}","templated":true}]}}