{"id":88,"date":"2016-02-07T20:10:35","date_gmt":"2016-02-07T19:10:35","guid":{"rendered":"http:\/\/floranium.com\/de\/?page_id=88"},"modified":"2024-11-24T13:18:47","modified_gmt":"2024-11-24T12:18:47","slug":"impressum","status":"publish","type":"page","link":"https:\/\/floranium.com\/de\/impressum\/","title":{"rendered":"Impressum"},"content":{"rendered":"<h3>Dieser Internet Auftritt wird betrieben durch:<\/h3>\n<p>Martin Heine M.Sc.<br \/>\nLight Art Vision<br \/>\nBei der Hardtlinde 7<br \/>\n72820 Sonnenb\u00fchl<br \/>\nGermany<br \/>\ninfo@floranium.com<\/p>\n<p>Tel: +49 (0) 7128 3009800<\/p>\n<p>&nbsp;<\/p>\n<h3>Haftungshinweis<\/h3>\n<p>Trotz sorgf\u00e4ltiger inhaltlicher Kontrolle \u00fcbernehmen wir keine Haftung f\u00fcr die Inhalte externer Links. F\u00fcr den Inhalt verlinkter Seiten sind ausschlie\u00dflich deren Betreiber verantwortlich.<\/p>\n<h3>Urheberrechtshinweis<\/h3>\n<p>Rechte s\u00e4mtlicher Bilder, Grafiken und Texte liegen bei Light Art Vision\u00a0 oder Dritter.<\/p>\n<p>&nbsp;<\/p>\n<p>&nbsp;<\/p>\n","protected":false},"excerpt":{"rendered":"<p>Dieser Internet Auftritt wird betrieben durch: Martin Heine M.Sc. Light Art Vision Bei der Hardtlinde 7 72820 Sonnenb\u00fchl Germany info@floranium.com Tel: +49 (0) 7128 3009800 &nbsp; Haftungshinweis Trotz sorgf\u00e4ltiger inhaltlicher Kontrolle \u00fcbernehmen wir keine Haftung f\u00fcr die Inhalte externer Links. F\u00fcr den Inhalt verlinkter Seiten sind ausschlie\u00dflich deren Betreiber verantwortlich.\u2026<\/p>\n<p> <a class=\"continue-reading-link\" href=\"https:\/\/floranium.com\/de\/impressum\/\"><span>Continue reading<\/span><i class=\"crycon-right-dir\"><\/i><\/a> <\/p>\n","protected":false},"author":1,"featured_media":0,"parent":0,"menu_order":0,"comment_status":"closed","ping_status":"closed","template":"","meta":{"footnotes":""},"class_list":["post-88","page","type-page","status-publish","hentry"],"_links":{"self":[{"href":"https:\/\/floranium.com\/de\/wp-json\/wp\/v2\/pages\/88","targetHints":{"allow":["GET"]}}],"collection":[{"href":"https:\/\/floranium.com\/de\/wp-json\/wp\/v2\/pages"}],"about":[{"href":"https:\/\/floranium.com\/de\/wp-json\/wp\/v2\/types\/page"}],"author":[{"embeddable":true,"href":"https:\/\/floranium.com\/de\/wp-json\/wp\/v2\/users\/1"}],"replies":[{"embeddable":true,"href":"https:\/\/floranium.com\/de\/wp-json\/wp\/v2\/comments?post=88"}],"version-history":[{"count":11,"href":"https:\/\/floranium.com\/de\/wp-json\/wp\/v2\/pages\/88\/revisions"}],"predecessor-version":[{"id":889,"href":"https:\/\/floranium.com\/de\/wp-json\/wp\/v2\/pages\/88\/revisions\/889"}],"wp:attachment":[{"href":"https:\/\/floranium.com\/de\/wp-json\/wp\/v2\/media?parent=88"}],"curies":[{"name":"wp","href":"https:\/\/api.w.org\/{rel}","templated":true}]}}