{"id":352,"date":"2018-03-20T21:21:22","date_gmt":"2018-03-20T20:21:22","guid":{"rendered":"http:\/\/floranium.com\/de\/?post_type=product&#038;p=352"},"modified":"2024-09-13T21:55:40","modified_gmt":"2024-09-13T19:55:40","slug":"floranion-discovery","status":"publish","type":"product","link":"https:\/\/floranium.com\/de\/produkt\/floranion-discovery\/","title":{"rendered":"Floranion Discovery"},"content":{"rendered":"<p>Das Floranion Discovery ist der ideale &#8222;Augen\u00f6ffner&#8220; f\u00fcr Ihre Entdeckungsreise in die geheime Welt der Pflanzen. \u00c4hnlich wie das Floranion MagicCone, leuchtet der Glaskonus je nach Pflanzenaktivit\u00e4t in unterschiedlichen Regenbogenfarben.<\/p>\n<p>Zus\u00e4tzlich verf\u00fcgt das Floranion Discovery jedoch \u00fcber eine USB Datenschnittstelle, mit der Pflanzen-Messdaten \u00fcber den PC (Linux, Windows und Mac kompatibel) live verfolgt, aufgezeichnet und\/oder protokolliert werden k\u00f6nnen.<\/p>\n<p><img loading=\"lazy\" decoding=\"async\" class=\"wp-image-455 aligncenter\" src=\"https:\/\/floranium.com\/de\/wp-content\/uploads\/2018\/03\/macWindowsLinux.jpg\" alt=\"\" width=\"282\" height=\"96\" srcset=\"https:\/\/floranium.com\/de\/wp-content\/uploads\/2018\/03\/macWindowsLinux.jpg 600w, https:\/\/floranium.com\/de\/wp-content\/uploads\/2018\/03\/macWindowsLinux-300x102.jpg 300w, https:\/\/floranium.com\/de\/wp-content\/uploads\/2018\/03\/macWindowsLinux-150x51.jpg 150w\" sizes=\"auto, (max-width: 282px) 100vw, 282px\" \/><\/p>\n<p>Bedienungsanleitung (Deutsch) zum Download:<\/p>\n<p><a href=\"https:\/\/floranium.com\/de\/wp-content\/uploads\/2018\/03\/floranionDiscoveryManualDE_REV10.pdf\" target=\"_blank\" rel=\"noopener noreferrer\">floranionDiscoveryManualDE_REV10<\/a><\/p>\n<p>Das Herz dieses Pflanzen-Messger\u00e4tes ist ein Leistungsf\u00e4higer ARM CORTEX Mikrocontroller mit integriertem 16 Bit SAR ADC. Im Lieferumfang ist alles vorhanden, was Sie f\u00fcr Ihre Entdeckungsreise ben\u00f6tigen: Floranion Discovery, Messkabel, Leitpaste f\u00fcr einen besseren Kontakt zum Blatt, USB Steckernetzteil und Gebrauchsanleitung. Die Opensource Software KST zur Datenvisualisierung k\u00f6nnen Sie kostenlos herunterladen.<\/p>\n<p><a href=\"https:\/\/kst-plot.kde.org\/\" target=\"_blank\" rel=\"noopener noreferrer\">https:\/\/kst-plot.kde.org\/<\/a><\/p>\n<p>\u00c4hnlich wie bei der Fertigung der bekannten Schweizer Uhren, produzieren wir Ihre Floranions in kleinen St\u00fcckzahlen mit Liebe von Hand. Deshalb bitten wir um Verst\u00e4ndnis, wenn die Lieferzeit je nach Nachfrage schon mal bis zu 2 Wochen dauern kann. In der Regel sind es aber 5 Tage.<\/p>\n","protected":false},"excerpt":{"rendered":"<p>Starte Deine Entdeckungsreise in die geheime Welt der Pflanzen mit dem Floranion Discovery!<\/p>\n<p> <a class=\"continue-reading-link\" href=\"https:\/\/floranium.com\/de\/produkt\/floranion-discovery\/\"><span>Continue reading<\/span><i class=\"crycon-right-dir\"><\/i><\/a> <\/p>\n","protected":false},"featured_media":458,"comment_status":"open","ping_status":"closed","template":"","meta":[],"product_brand":[],"product_cat":[45],"product_tag":[48,13,47,49,14,11],"class_list":{"0":"post-352","1":"product","2":"type-product","3":"status-publish","4":"has-post-thumbnail","6":"product_cat-floranions","7":"product_tag-avatar-lamp","8":"product_tag-cleve-backster","9":"product_tag-floranion","10":"product_tag-pflanzenlicht","11":"product_tag-plants-have-feelings","12":"product_tag-secret-life","14":"first","15":"instock","16":"sale","17":"taxable","18":"shipping-taxable","19":"purchasable","20":"product-type-simple"},"_links":{"self":[{"href":"https:\/\/floranium.com\/de\/wp-json\/wp\/v2\/product\/352","targetHints":{"allow":["GET"]}}],"collection":[{"href":"https:\/\/floranium.com\/de\/wp-json\/wp\/v2\/product"}],"about":[{"href":"https:\/\/floranium.com\/de\/wp-json\/wp\/v2\/types\/product"}],"replies":[{"embeddable":true,"href":"https:\/\/floranium.com\/de\/wp-json\/wp\/v2\/comments?post=352"}],"wp:featuredmedia":[{"embeddable":true,"href":"https:\/\/floranium.com\/de\/wp-json\/wp\/v2\/media\/458"}],"wp:attachment":[{"href":"https:\/\/floranium.com\/de\/wp-json\/wp\/v2\/media?parent=352"}],"wp:term":[{"taxonomy":"product_brand","embeddable":true,"href":"https:\/\/floranium.com\/de\/wp-json\/wp\/v2\/product_brand?post=352"},{"taxonomy":"product_cat","embeddable":true,"href":"https:\/\/floranium.com\/de\/wp-json\/wp\/v2\/product_cat?post=352"},{"taxonomy":"product_tag","embeddable":true,"href":"https:\/\/floranium.com\/de\/wp-json\/wp\/v2\/product_tag?post=352"}],"curies":[{"name":"wp","href":"https:\/\/api.w.org\/{rel}","templated":true}]}}