{"id":364,"date":"2018-03-20T22:19:00","date_gmt":"2018-03-20T21:19:00","guid":{"rendered":"https:\/\/floranium.com\/de\/?post_type=product&#038;p=364"},"modified":"2024-09-13T21:55:40","modified_gmt":"2024-09-13T19:55:40","slug":"floranion-scientific","status":"publish","type":"product","link":"https:\/\/floranium.com\/de\/produkt\/floranion-scientific\/","title":{"rendered":"Floranion Scientific"},"content":{"rendered":"<p style=\"text-align: justify;\">Das Floranion Scientific basiert auf der NXP Freedom KL25Z ARM Cortex M0 Plattform. \u00dcber ein kleines 2.2 Zoll Display wird das gemessene Signal in Echtzeit graphisch und numerisch direkt angezeigt. Mittels USB Schnittstelle k\u00f6nnen die Messdaten mit dem PC aufgezeichnet und protokolliert werden. Zus\u00e4tzlich gibt es einen Analog Ausgang zum Anschluss eines analogen Messger\u00e4ts oder Musik Synthesizer (VCO input). Ein kleines Licht-Sichtfenster leuchtet in unterschiedlichen Farben \u00e4hnlich wie beim Floranion Discovery. Die Hardware und Firmware ist Open-Source. Das bedeutet der Source Code und Schaltplan steht zum Download f\u00fcr eigene Weiterentwicklungen oder Anpassungen zur Verf\u00fcgung.<\/p>\n<p>Source Code:<\/p>\n<p><a href=\"https:\/\/os.mbed.com\/users\/lasmahei\/code\/floranionSciShield\/\" target=\"_blank\" rel=\"noopener noreferrer\">https:\/\/os.mbed.com\/users\/lasmahei\/code\/floranionSciShield\/<\/a><\/p>\n<p>Im Lieferumfang sind Floranium Scientific, Messkabel, USB Kabel, Leitpaste und USB Steckernetzteil.<\/p>\n<p>Wie bei den Schweizer Uhren fertigen wir Ihre Floranions in kleinen St\u00fcckzahlen mit Liebe von Hand. Deshalb bitten wir um Verst\u00e4ndnis, wenn die Lieferzeit je nach Nachfrage schon mal bis zu 2 Wochen dauern kann.<\/p>\n","protected":false},"excerpt":{"rendered":"<p style=\"text-align: justify;\">Das Floranion Scientific ist f\u00fcr alle, die etwas tiefer in die Materie der Pflanzensignale einsteigen wollen. Ausgestattet mit einem 2.2&#8243; TFT Display, Mikro-SD Datenlogger, zwei USB Schnittstellen, Einstellbarer Messverst\u00e4rker, Filter, DAC Ausgang, PWM Ausg\u00e4nge und mehr stellt es ein umfangreiches und erweiterbares Me\u00df- und Experimentiersystem dar. Ein Artikel \u00fcber das Floranion mit Schaltplan und Software Download gibts in der <a href=\"https:\/\/www.elektormagazine.de\/magazine\/elektor-201805\/41506\">Elektor Magazin Ausgabe 5\/2018!<\/a><\/p>\n<p><a href=\"https:\/\/www.elektormagazine.de\/magazine\/elektor-201805\/41506\"><img loading=\"lazy\" decoding=\"async\" class=\"alignnone size-full wp-image-435\" src=\"https:\/\/floranium.com\/de\/wp-content\/uploads\/2018\/04\/ElektorLogo.gif\" alt=\"\" width=\"211\" height=\"70\" \/><\/a><\/p>\n<p> <a class=\"continue-reading-link\" href=\"https:\/\/floranium.com\/de\/produkt\/floranion-scientific\/\"><span>Continue reading<\/span><i class=\"crycon-right-dir\"><\/i><\/a> <\/p>\n","protected":false},"featured_media":338,"comment_status":"open","ping_status":"closed","template":"","meta":[],"product_brand":[],"product_cat":[45],"product_tag":[48,47,15,49,14],"class_list":{"0":"post-364","1":"product","2":"type-product","3":"status-publish","4":"has-post-thumbnail","6":"product_cat-floranions","7":"product_tag-avatar-lamp","8":"product_tag-floranion","9":"product_tag-gefuehle","10":"product_tag-pflanzenlicht","11":"product_tag-plants-have-feelings","13":"first","14":"outofstock","15":"taxable","16":"shipping-taxable","17":"purchasable","18":"product-type-simple"},"_links":{"self":[{"href":"https:\/\/floranium.com\/de\/wp-json\/wp\/v2\/product\/364","targetHints":{"allow":["GET"]}}],"collection":[{"href":"https:\/\/floranium.com\/de\/wp-json\/wp\/v2\/product"}],"about":[{"href":"https:\/\/floranium.com\/de\/wp-json\/wp\/v2\/types\/product"}],"replies":[{"embeddable":true,"href":"https:\/\/floranium.com\/de\/wp-json\/wp\/v2\/comments?post=364"}],"wp:featuredmedia":[{"embeddable":true,"href":"https:\/\/floranium.com\/de\/wp-json\/wp\/v2\/media\/338"}],"wp:attachment":[{"href":"https:\/\/floranium.com\/de\/wp-json\/wp\/v2\/media?parent=364"}],"wp:term":[{"taxonomy":"product_brand","embeddable":true,"href":"https:\/\/floranium.com\/de\/wp-json\/wp\/v2\/product_brand?post=364"},{"taxonomy":"product_cat","embeddable":true,"href":"https:\/\/floranium.com\/de\/wp-json\/wp\/v2\/product_cat?post=364"},{"taxonomy":"product_tag","embeddable":true,"href":"https:\/\/floranium.com\/de\/wp-json\/wp\/v2\/product_tag?post=364"}],"curies":[{"name":"wp","href":"https:\/\/api.w.org\/{rel}","templated":true}]}}