{"id":369,"date":"2018-03-20T22:35:06","date_gmt":"2018-03-20T21:35:06","guid":{"rendered":"https:\/\/floranium.com\/de\/?post_type=product&#038;p=369"},"modified":"2024-09-13T22:05:30","modified_gmt":"2024-09-13T20:05:30","slug":"floranion-magiccone","status":"publish","type":"product","link":"https:\/\/floranium.com\/de\/produkt\/floranion-magiccone\/","title":{"rendered":"Floranion MagicCone"},"content":{"rendered":"<p>Das Floranion MagicCone ist der Klassiker! Unser erstes Ur-Floranium und das Einsteigermodell der Floranium Familie. Beobachten Sie, wie aktiv der L\u00f6wenzahn auf der Terrasse ist, oder wie das Alpenveilchen auf Ber\u00fchrung oder Gie\u00dfen reagiert. Beobachten Sie die Farb\u00e4nderungen, die ein Philodendron zeigt. Mit dem Floranion MagicCone haben Sie jede Menge Spa\u00df! Im Lieferumfang ist ein Steckernetzger\u00e4t, Me\u00dfkabel und Leitpaste zur besseren elektrischen Verbindung zwischen Pflanze und Floranion.<\/p>\n<p>User Guide: <a href=\"https:\/\/floranium.com\/de\/wp-content\/uploads\/2017\/05\/FloraniumUserGuideV1022Rev01.pdf\">FloraniumUserGuideV1022Rev01<\/a><\/p>\n<p>Wie bei den Schweizer Uhren fertigen wir Ihre Floranions in kleinen St\u00fcckzahlen mit Liebe von Hand. Deshalb bitten wir um Verst\u00e4ndnis, wenn die Lieferzeit je nach Nachfrage schon mal bis zu 2 Wochen dauern kann.<\/p>\n","protected":false},"excerpt":{"rendered":"<p>F\u00fcr alle, die einfach nur mal neugierig sind, auf das geheime Leben der Pflanzen..<\/p>\n<p> <a class=\"continue-reading-link\" href=\"https:\/\/floranium.com\/de\/produkt\/floranion-magiccone\/\"><span>Continue reading<\/span><i class=\"crycon-right-dir\"><\/i><\/a> <\/p>\n","protected":false},"featured_media":336,"comment_status":"open","ping_status":"closed","template":"","meta":[],"product_brand":[],"product_cat":[45],"product_tag":[],"class_list":{"0":"post-369","1":"product","2":"type-product","3":"status-publish","4":"has-post-thumbnail","6":"product_cat-floranions","8":"first","9":"instock","10":"taxable","11":"shipping-taxable","12":"purchasable","13":"product-type-simple"},"_links":{"self":[{"href":"https:\/\/floranium.com\/de\/wp-json\/wp\/v2\/product\/369","targetHints":{"allow":["GET"]}}],"collection":[{"href":"https:\/\/floranium.com\/de\/wp-json\/wp\/v2\/product"}],"about":[{"href":"https:\/\/floranium.com\/de\/wp-json\/wp\/v2\/types\/product"}],"replies":[{"embeddable":true,"href":"https:\/\/floranium.com\/de\/wp-json\/wp\/v2\/comments?post=369"}],"wp:featuredmedia":[{"embeddable":true,"href":"https:\/\/floranium.com\/de\/wp-json\/wp\/v2\/media\/336"}],"wp:attachment":[{"href":"https:\/\/floranium.com\/de\/wp-json\/wp\/v2\/media?parent=369"}],"wp:term":[{"taxonomy":"product_brand","embeddable":true,"href":"https:\/\/floranium.com\/de\/wp-json\/wp\/v2\/product_brand?post=369"},{"taxonomy":"product_cat","embeddable":true,"href":"https:\/\/floranium.com\/de\/wp-json\/wp\/v2\/product_cat?post=369"},{"taxonomy":"product_tag","embeddable":true,"href":"https:\/\/floranium.com\/de\/wp-json\/wp\/v2\/product_tag?post=369"}],"curies":[{"name":"wp","href":"https:\/\/api.w.org\/{rel}","templated":true}]}}