{"id":433,"date":"2018-04-16T10:04:10","date_gmt":"2018-04-16T08:04:10","guid":{"rendered":"https:\/\/floranium.com\/de\/?post_type=product&#038;p=433"},"modified":"2024-09-13T21:55:40","modified_gmt":"2024-09-13T19:55:40","slug":"floranion-shield-leer-platine","status":"publish","type":"product","link":"https:\/\/floranium.com\/de\/produkt\/floranion-shield-leer-platine\/","title":{"rendered":"Floranion Shield Leer Platine"},"content":{"rendered":"<p>F\u00fcr alle, der gerne selber l\u00f6ten &#8211; und ein bisschen Geld sparen m\u00f6chten, gibt es die Leiterplatte f\u00fcr das Floranion Shield auch unbest\u00fcckt.<\/p>\n<p>https:\/\/www.elektormagazine.de\/magazine\/elektor-201805\/41506<\/p>\n<p><a href=\"https:\/\/www.elektormagazine.de\/magazine\/elektor-201805\/41506\"><img loading=\"lazy\" decoding=\"async\" class=\"alignnone size-full wp-image-435\" src=\"https:\/\/floranium.com\/de\/wp-content\/uploads\/2018\/04\/ElektorLogo.gif\" alt=\"\" width=\"211\" height=\"70\" \/><\/a><\/p>\n","protected":false},"excerpt":{"rendered":"<p>Unbest\u00fcckte Leiterplatte (Bare PCB) des Floranion Shields wie im Elektor Artikel 5\/2018 beschrieben. <a href=\"https:\/\/www.elektormagazine.de\/magazine\/elektor-201805\/41506\">https:\/\/www.elektormagazine.de\/magazine\/elektor-201805\/41506<\/a><\/p>\n<p><a href=\"https:\/\/www.elektormagazine.de\/magazine\/elektor-201805\/41506\"><img loading=\"lazy\" decoding=\"async\" class=\"alignnone wp-image-435 size-full\" src=\"https:\/\/floranium.com\/de\/wp-content\/uploads\/2018\/04\/ElektorLogo.gif\" alt=\"\" width=\"211\" height=\"70\" \/><\/a><\/p>\n<p> <a class=\"continue-reading-link\" href=\"https:\/\/floranium.com\/de\/produkt\/floranion-shield-leer-platine\/\"><span>Continue reading<\/span><i class=\"crycon-right-dir\"><\/i><\/a> <\/p>\n","protected":false},"featured_media":434,"comment_status":"open","ping_status":"closed","template":"","meta":[],"product_brand":[],"product_cat":[46],"product_tag":[],"class_list":{"0":"post-433","1":"product","2":"type-product","3":"status-publish","4":"has-post-thumbnail","6":"product_cat-zubehoer","8":"first","9":"instock","10":"taxable","11":"shipping-taxable","12":"purchasable","13":"product-type-simple"},"_links":{"self":[{"href":"https:\/\/floranium.com\/de\/wp-json\/wp\/v2\/product\/433","targetHints":{"allow":["GET"]}}],"collection":[{"href":"https:\/\/floranium.com\/de\/wp-json\/wp\/v2\/product"}],"about":[{"href":"https:\/\/floranium.com\/de\/wp-json\/wp\/v2\/types\/product"}],"replies":[{"embeddable":true,"href":"https:\/\/floranium.com\/de\/wp-json\/wp\/v2\/comments?post=433"}],"wp:featuredmedia":[{"embeddable":true,"href":"https:\/\/floranium.com\/de\/wp-json\/wp\/v2\/media\/434"}],"wp:attachment":[{"href":"https:\/\/floranium.com\/de\/wp-json\/wp\/v2\/media?parent=433"}],"wp:term":[{"taxonomy":"product_brand","embeddable":true,"href":"https:\/\/floranium.com\/de\/wp-json\/wp\/v2\/product_brand?post=433"},{"taxonomy":"product_cat","embeddable":true,"href":"https:\/\/floranium.com\/de\/wp-json\/wp\/v2\/product_cat?post=433"},{"taxonomy":"product_tag","embeddable":true,"href":"https:\/\/floranium.com\/de\/wp-json\/wp\/v2\/product_tag?post=433"}],"curies":[{"name":"wp","href":"https:\/\/api.w.org\/{rel}","templated":true}]}}