{"id":676,"date":"2019-11-27T23:45:35","date_gmt":"2019-11-27T22:45:35","guid":{"rendered":"https:\/\/floranium.com\/de\/?post_type=product&#038;p=676"},"modified":"2024-09-13T21:57:06","modified_gmt":"2024-09-13T19:57:06","slug":"floranion-magiccone-ii","status":"publish","type":"product","link":"https:\/\/floranium.com\/de\/produkt\/floranion-magiccone-ii\/","title":{"rendered":"Floranion MagicCone II"},"content":{"rendered":"<p style=\"text-align: justify;\">Die Leuchtfarben des Floranion MagicCone II sind besonders intensiv und brillant. Im D\u00e4mmerlicht oder bei Nacht entfaltet die Leuchte ihre volle Magie! Das Geh\u00e4use ist aus Polylactide, umgangssprachlich auch als Polymilchs\u00e4uren oder PLA bezeichnet und mit dem FDM (Fused Deposition Modeling) Verfahren gefertigt. Im Lieferumfang ist ein USB Kabel mit Steckernetzteil, Me\u00dfleitung mit Clip und Leitpaste zur besseren elektrischen Verbindung zwischen Pflanze und Floranion.<\/p>\n<p style=\"text-align: justify;\">Wie bei den Schweizer Uhren fertigen wir Ihre Floranions in kleinen St\u00fcckzahlen mit Liebe von Hand. Deshalb bitten wir um Verst\u00e4ndnis, wenn die Lieferzeit je nach Nachfrage schon mal bis zu 2 Wochen dauern kann.<\/p>\n","protected":false},"excerpt":{"rendered":"<p style=\"text-align: justify;\">Das Floranion MagicCone II ist die Weiterentwicklung des Floranion MagicCones, das Einsteigermodell der Floranium Familie. Mit seinem Erdspie\u00df wird es einfach neben die Pflanze in die Erde gesteckt, das Messkabel an einem Blatt befestigt, mit dem USB Kabel ans Netzteil angeschlossen und schon ist es Betriebsbereit.<strong> Zum Anschluss an den PC ist das Floranion Magic Cone II nicht geeignet. Daf\u00fcr empfehlen wir das <a href=\"https:\/\/floranium.com\/de\/produkt\/floranion-discovery\/\">Floranion Discovery<\/a>.<\/strong><\/p>\n<p> <a class=\"continue-reading-link\" href=\"https:\/\/floranium.com\/de\/produkt\/floranion-magiccone-ii\/\"><span>Continue reading<\/span><i class=\"crycon-right-dir\"><\/i><\/a> <\/p>\n","protected":false},"featured_media":677,"comment_status":"open","ping_status":"closed","template":"","meta":[],"product_brand":[],"product_cat":[45],"product_tag":[],"class_list":{"0":"post-676","1":"product","2":"type-product","3":"status-publish","4":"has-post-thumbnail","6":"product_cat-floranions","8":"first","9":"instock","10":"sale","11":"taxable","12":"shipping-taxable","13":"purchasable","14":"product-type-simple"},"_links":{"self":[{"href":"https:\/\/floranium.com\/de\/wp-json\/wp\/v2\/product\/676","targetHints":{"allow":["GET"]}}],"collection":[{"href":"https:\/\/floranium.com\/de\/wp-json\/wp\/v2\/product"}],"about":[{"href":"https:\/\/floranium.com\/de\/wp-json\/wp\/v2\/types\/product"}],"replies":[{"embeddable":true,"href":"https:\/\/floranium.com\/de\/wp-json\/wp\/v2\/comments?post=676"}],"wp:featuredmedia":[{"embeddable":true,"href":"https:\/\/floranium.com\/de\/wp-json\/wp\/v2\/media\/677"}],"wp:attachment":[{"href":"https:\/\/floranium.com\/de\/wp-json\/wp\/v2\/media?parent=676"}],"wp:term":[{"taxonomy":"product_brand","embeddable":true,"href":"https:\/\/floranium.com\/de\/wp-json\/wp\/v2\/product_brand?post=676"},{"taxonomy":"product_cat","embeddable":true,"href":"https:\/\/floranium.com\/de\/wp-json\/wp\/v2\/product_cat?post=676"},{"taxonomy":"product_tag","embeddable":true,"href":"https:\/\/floranium.com\/de\/wp-json\/wp\/v2\/product_tag?post=676"}],"curies":[{"name":"wp","href":"https:\/\/api.w.org\/{rel}","templated":true}]}}