{"id":826,"date":"2020-06-15T13:47:49","date_gmt":"2020-06-15T11:47:49","guid":{"rendered":"https:\/\/floranium.com\/de\/?post_type=product&#038;p=826"},"modified":"2024-09-13T21:56:30","modified_gmt":"2024-09-13T19:56:30","slug":"floranion-shield-bundle","status":"publish","type":"product","link":"https:\/\/floranium.com\/de\/produkt\/floranion-shield-bundle\/","title":{"rendered":"Floranion Shield Bundle"},"content":{"rendered":"<p>Wer gleich los legen m\u00f6chte mit dem Experimentieren ohne vorher noch Stecker l\u00f6ten zu m\u00fcssen und Firmware zu flashen, der ist mit diesem Floranion Shield Bundle gut beraten. Im Lieferumfang ist das Floranion FRDM Shield schon betriebsbereit auf das programmierte KL25Z Board aufgesteckt und default Jumper sind gesetzt. Signale von der Pflanze werden \u00fcber die eingebaute RGB LED angezeigt, auf SD Karte gespeichert, auf dem mitgelieferten TFT Display angezeigt oder via Terminal Programm zum PC \u00fcbertragen. Messkabel und Leitpaste sind nat\u00fcrlich ebenfalls dabei.<\/p>\n","protected":false},"excerpt":{"rendered":"<p>Floranion FRDM Shield und NXP KL25Z im Bundle. Fertig gel\u00f6tet, zusammengesteckt und programmiert inklusive 2.2&#8243; TFT SPI 240&#215;320 Display.<\/p>\n<p> <a class=\"continue-reading-link\" href=\"https:\/\/floranium.com\/de\/produkt\/floranion-shield-bundle\/\"><span>Continue reading<\/span><i class=\"crycon-right-dir\"><\/i><\/a> <\/p>\n","protected":false},"featured_media":828,"comment_status":"open","ping_status":"closed","template":"","meta":[],"product_brand":[],"product_cat":[45],"product_tag":[48,13,47,49,14,11],"class_list":{"0":"post-826","1":"product","2":"type-product","3":"status-publish","4":"has-post-thumbnail","6":"product_cat-floranions","7":"product_tag-avatar-lamp","8":"product_tag-cleve-backster","9":"product_tag-floranion","10":"product_tag-pflanzenlicht","11":"product_tag-plants-have-feelings","12":"product_tag-secret-life","14":"first","15":"instock","16":"sale","17":"taxable","18":"shipping-taxable","19":"purchasable","20":"product-type-simple"},"_links":{"self":[{"href":"https:\/\/floranium.com\/de\/wp-json\/wp\/v2\/product\/826","targetHints":{"allow":["GET"]}}],"collection":[{"href":"https:\/\/floranium.com\/de\/wp-json\/wp\/v2\/product"}],"about":[{"href":"https:\/\/floranium.com\/de\/wp-json\/wp\/v2\/types\/product"}],"replies":[{"embeddable":true,"href":"https:\/\/floranium.com\/de\/wp-json\/wp\/v2\/comments?post=826"}],"wp:featuredmedia":[{"embeddable":true,"href":"https:\/\/floranium.com\/de\/wp-json\/wp\/v2\/media\/828"}],"wp:attachment":[{"href":"https:\/\/floranium.com\/de\/wp-json\/wp\/v2\/media?parent=826"}],"wp:term":[{"taxonomy":"product_brand","embeddable":true,"href":"https:\/\/floranium.com\/de\/wp-json\/wp\/v2\/product_brand?post=826"},{"taxonomy":"product_cat","embeddable":true,"href":"https:\/\/floranium.com\/de\/wp-json\/wp\/v2\/product_cat?post=826"},{"taxonomy":"product_tag","embeddable":true,"href":"https:\/\/floranium.com\/de\/wp-json\/wp\/v2\/product_tag?post=826"}],"curies":[{"name":"wp","href":"https:\/\/api.w.org\/{rel}","templated":true}]}}